{"id":2063,"date":"2023-01-24T18:24:25","date_gmt":"2023-01-24T17:24:25","guid":{"rendered":"https:\/\/wassererhof.com\/news\/"},"modified":"2023-01-24T18:24:25","modified_gmt":"2023-01-24T17:24:25","slug":"news","status":"publish","type":"page","link":"https:\/\/wassererhof.com\/en\/news\/","title":{"rendered":"News"},"content":{"rendered":"\t\t<div data-elementor-type=\"wp-page\" data-elementor-id=\"2063\" class=\"elementor elementor-2063 elementor-48\" data-elementor-post-type=\"page\">\n\t\t\t\t\t\t<section class=\"elementor-section elementor-top-section elementor-element elementor-element-187b142 elementor-section-boxed elementor-section-height-default elementor-section-height-default\" data-id=\"187b142\" data-element_type=\"section\" data-e-type=\"section\">\n\t\t\t\t\t\t<div class=\"elementor-container elementor-column-gap-default\">\n\t\t\t\t\t<div class=\"elementor-column elementor-col-100 elementor-top-column elementor-element elementor-element-fe85351\" data-id=\"fe85351\" data-element_type=\"column\" data-e-type=\"column\">\n\t\t\t<div class=\"elementor-widget-wrap elementor-element-populated\">\n\t\t\t\t\t\t<div class=\"elementor-element elementor-element-bdc7595 elementor-widget elementor-widget-heading\" data-id=\"bdc7595\" data-element_type=\"widget\" data-e-type=\"widget\" data-widget_type=\"heading.default\">\n\t\t\t\t<div class=\"elementor-widget-container\">\n\t\t\t\t\t<h2 class=\"elementor-heading-title elementor-size-default\">Our latest story<\/h2>\t\t\t\t<\/div>\n\t\t\t\t<\/div>\n\t\t\t\t<div class=\"elementor-element elementor-element-838b42a elementor-grid-1 elementor-grid-tablet-1 elementor-posts--thumbnail-top elementor-grid-mobile-1 elementor-widget elementor-widget-posts\" data-id=\"838b42a\" data-element_type=\"widget\" data-e-type=\"widget\" data-settings=\"{&quot;custom_columns&quot;:&quot;1&quot;,&quot;custom_columns_tablet&quot;:&quot;1&quot;,&quot;custom_columns_mobile&quot;:&quot;1&quot;,&quot;custom_row_gap&quot;:{&quot;unit&quot;:&quot;px&quot;,&quot;size&quot;:35,&quot;sizes&quot;:[]},&quot;custom_row_gap_laptop&quot;:{&quot;unit&quot;:&quot;px&quot;,&quot;size&quot;:&quot;&quot;,&quot;sizes&quot;:[]},&quot;custom_row_gap_tablet&quot;:{&quot;unit&quot;:&quot;px&quot;,&quot;size&quot;:&quot;&quot;,&quot;sizes&quot;:[]},&quot;custom_row_gap_mobile&quot;:{&quot;unit&quot;:&quot;px&quot;,&quot;size&quot;:&quot;&quot;,&quot;sizes&quot;:[]}}\" data-widget_type=\"posts.custom\">\n\t\t\t\t<div class=\"elementor-widget-container\">\n\t\t\t\t\t      <div class=\"ecs-posts elementor-posts-container elementor-posts   elementor-grid elementor-posts--skin-custom\" data-settings=\"{&quot;current_page&quot;:1,&quot;max_num_pages&quot;:0,&quot;load_method&quot;:&quot;&quot;,&quot;widget_id&quot;:&quot;838b42a&quot;,&quot;post_id&quot;:2063,&quot;theme_id&quot;:2063,&quot;change_url&quot;:false,&quot;reinit_js&quot;:false}\">\n      <div class=\"elementor-posts-nothing-found\"><\/div>\t\t<\/div>\n\t\t\t\t\t\t<\/div>\n\t\t\t\t<\/div>\n\t\t\t\t<div class=\"elementor-element elementor-element-286abcc elementor-align-left elementor-widget elementor-widget-button\" data-id=\"286abcc\" data-element_type=\"widget\" data-e-type=\"widget\" data-widget_type=\"button.default\">\n\t\t\t\t<div class=\"elementor-widget-container\">\n\t\t\t\t\t\t\t\t\t<div class=\"elementor-button-wrapper\">\n\t\t\t\t\t<a class=\"elementor-button elementor-button-link elementor-size-sm\" href=\"#\">\n\t\t\t\t\t\t<span class=\"elementor-button-content-wrapper\">\n\t\t\t\t\t\t\t\t\t<span class=\"elementor-button-text\">To our Blog<\/span>\n\t\t\t\t\t<\/span>\n\t\t\t\t\t<\/a>\n\t\t\t\t<\/div>\n\t\t\t\t\t\t\t\t<\/div>\n\t\t\t\t<\/div>\n\t\t\t\t\t<\/div>\n\t\t<\/div>\n\t\t\t\t\t<\/div>\n\t\t<\/section>\n\t\t\t\t<section class=\"elementor-section elementor-top-section elementor-element elementor-element-2c13514 elementor-section-boxed elementor-section-height-default elementor-section-height-default\" data-id=\"2c13514\" data-element_type=\"section\" data-e-type=\"section\">\n\t\t\t\t\t\t<div class=\"elementor-container elementor-column-gap-default\">\n\t\t\t\t\t<div class=\"elementor-column elementor-col-100 elementor-top-column elementor-element elementor-element-0f3b0bf\" data-id=\"0f3b0bf\" data-element_type=\"column\" data-e-type=\"column\">\n\t\t\t<div class=\"elementor-widget-wrap elementor-element-populated\">\n\t\t\t\t\t\t<div class=\"elementor-element elementor-element-b840c33 elementor-widget elementor-widget-heading\" data-id=\"b840c33\" data-element_type=\"widget\" data-e-type=\"widget\" data-widget_type=\"heading.default\">\n\t\t\t\t<div class=\"elementor-widget-container\">\n\t\t\t\t\t<h2 class=\"elementor-heading-title elementor-size-default\">News<\/h2>\t\t\t\t<\/div>\n\t\t\t\t<\/div>\n\t\t\t\t<div class=\"elementor-element elementor-element-80707a6 elementor-grid-1 elementor-grid-tablet-1 elementor-posts--thumbnail-top elementor-grid-mobile-1 elementor-widget elementor-widget-posts\" data-id=\"80707a6\" data-element_type=\"widget\" data-e-type=\"widget\" data-settings=\"{&quot;custom_columns&quot;:&quot;1&quot;,&quot;custom_columns_tablet&quot;:&quot;1&quot;,&quot;custom_columns_mobile&quot;:&quot;1&quot;,&quot;custom_row_gap&quot;:{&quot;unit&quot;:&quot;px&quot;,&quot;size&quot;:35,&quot;sizes&quot;:[]},&quot;custom_row_gap_laptop&quot;:{&quot;unit&quot;:&quot;px&quot;,&quot;size&quot;:&quot;&quot;,&quot;sizes&quot;:[]},&quot;custom_row_gap_tablet&quot;:{&quot;unit&quot;:&quot;px&quot;,&quot;size&quot;:&quot;&quot;,&quot;sizes&quot;:[]},&quot;custom_row_gap_mobile&quot;:{&quot;unit&quot;:&quot;px&quot;,&quot;size&quot;:&quot;&quot;,&quot;sizes&quot;:[]}}\" data-widget_type=\"posts.custom\">\n\t\t\t\t<div class=\"elementor-widget-container\">\n\t\t\t\t\t      <div class=\"ecs-posts elementor-posts-container elementor-posts   elementor-grid elementor-posts--skin-custom\" data-settings=\"{&quot;current_page&quot;:1,&quot;max_num_pages&quot;:1,&quot;load_method&quot;:&quot;&quot;,&quot;widget_id&quot;:&quot;80707a6&quot;,&quot;post_id&quot;:2063,&quot;theme_id&quot;:2063,&quot;change_url&quot;:false,&quot;reinit_js&quot;:false}\">\n      \t\t<article id=\"post-608\" class=\"elementor-post elementor-grid-item ecs-post-loop post-608 news type-news status-publish hentry\">\n\t\t\t\t<div data-elementor-type=\"loop\" data-elementor-id=\"2027\" class=\"elementor elementor-2027 elementor-611 elementor-611 post-608 news type-news status-publish hentry\" data-elementor-post-type=\"elementor_library\">\n\t\t\t\t\t<section class=\"elementor-section elementor-top-section elementor-element elementor-element-18a77fa elementor-section-boxed elementor-section-height-default elementor-section-height-default\" data-id=\"18a77fa\" data-element_type=\"section\" data-e-type=\"section\">\n\t\t\t\t\t\t<div class=\"elementor-container elementor-column-gap-default\">\n\t\t\t\t\t<div class=\"elementor-column elementor-col-100 elementor-top-column elementor-element elementor-element-dd2e526\" data-id=\"dd2e526\" data-element_type=\"column\" data-e-type=\"column\">\n\t\t\t<div class=\"elementor-widget-wrap elementor-element-populated\">\n\t\t\t\t\t\t<div class=\"elementor-element elementor-element-920d78e elementor-widget elementor-widget-theme-post-title elementor-page-title elementor-widget-heading\" data-id=\"920d78e\" data-element_type=\"widget\" data-e-type=\"widget\" data-widget_type=\"theme-post-title.default\">\n\t\t\t\t<div class=\"elementor-widget-container\">\n\t\t\t\t\t<h2 class=\"elementor-heading-title elementor-size-default\">Buschenschank \u00f6ffnet am 10.09.2022<\/h2>\t\t\t\t<\/div>\n\t\t\t\t<\/div>\n\t\t\t\t<div class=\"elementor-element elementor-element-9811a5d elementor-align-left elementor-widget elementor-widget-post-info\" data-id=\"9811a5d\" data-element_type=\"widget\" data-e-type=\"widget\" data-widget_type=\"post-info.default\">\n\t\t\t\t<div class=\"elementor-widget-container\">\n\t\t\t\t\t\t\t<ul class=\"elementor-inline-items elementor-icon-list-items elementor-post-info\">\n\t\t\t\t\t\t\t\t<li class=\"elementor-icon-list-item elementor-repeater-item-9ddebac elementor-inline-item\" itemprop=\"datePublished\">\n\t\t\t\t\t\t\t\t\t\t<span class=\"elementor-icon-list-icon\">\n\t\t\t\t\t\t\t\t<i aria-hidden=\"true\" class=\"fas fa-calendar\"><\/i>\t\t\t\t\t\t\t<\/span>\n\t\t\t\t\t\t\t\t\t<span class=\"elementor-icon-list-text elementor-post-info__item elementor-post-info__item--type-date\">\n\t\t\t\t\t\t\t\t\t\t<time>August 26, 2022<\/time>\t\t\t\t\t<\/span>\n\t\t\t\t\t\t\t\t<\/li>\n\t\t\t\t<\/ul>\n\t\t\t\t\t\t<\/div>\n\t\t\t\t<\/div>\n\t\t\t\t<div class=\"elementor-element elementor-element-f76c733 elementor-widget elementor-widget-text-editor\" data-id=\"f76c733\" data-element_type=\"widget\" data-e-type=\"widget\" data-widget_type=\"text-editor.default\">\n\t\t\t\t<div class=\"elementor-widget-container\">\n\t\t\t\t\t\t\t\t\t<p>Am 10 September 2022 \u00f6ffnen wir wieder die T\u00fcren zu unserem Buschenschank. Herbstliche Landschaften, goldgelbe Weinberge, angenehme Temperaturen, Wein aus unserer hauseigenen Kellerei &#8220;Wassererhof&#8221; und traditionelle K\u00f6stlichkeiten aus Andreas&#8217; K\u00fcche laden euch ein, mit uns S\u00fcdtirols sch\u00f6nste Jahreszeit richtig hochleben zu lassen.<\/p>\n\t\t\t\t\t\t\t\t<\/div>\n\t\t\t\t<\/div>\n\t\t\t\t\t<\/div>\n\t\t<\/div>\n\t\t\t\t\t<\/div>\n\t\t<\/section>\n\t\t\t\t<\/div>\n\t\t\t\t<\/article>\n\t\t\t\t<\/div>\n\t\t\t\t\t\t<\/div>\n\t\t\t\t<\/div>\n\t\t\t\t\t<\/div>\n\t\t<\/div>\n\t\t\t\t\t<\/div>\n\t\t<\/section>\n\t\t\t\t<\/div>\n\t\t","protected":false},"excerpt":{"rendered":"<p>Our latest story To our Blog News<\/p>\n","protected":false},"author":1,"featured_media":1348,"parent":0,"menu_order":0,"comment_status":"closed","ping_status":"closed","template":"","meta":{"_acf_changed":false,"footnotes":""},"class_list":["post-2063","page","type-page","status-publish","has-post-thumbnail","hentry"],"acf":[],"yoast_head":"<!-- This site is optimized with the Yoast SEO plugin v27.2 - https:\/\/yoast.com\/product\/yoast-seo-wordpress\/ -->\n<title>News - Wassererhof<\/title>\n<meta name=\"robots\" content=\"index, follow, max-snippet:-1, max-image-preview:large, max-video-preview:-1\" \/>\n<link rel=\"canonical\" href=\"https:\/\/wassererhof.com\/en\/news\/\" \/>\n<meta property=\"og:locale\" content=\"en_US\" \/>\n<meta property=\"og:type\" content=\"article\" \/>\n<meta property=\"og:title\" content=\"News - Wassererhof\" \/>\n<meta property=\"og:description\" content=\"Our latest story To our Blog News\" \/>\n<meta property=\"og:url\" content=\"https:\/\/wassererhof.com\/en\/news\/\" \/>\n<meta property=\"og:site_name\" content=\"Wassererhof\" \/>\n<meta property=\"og:image\" content=\"https:\/\/wassererhof.com\/wp-content\/uploads\/2022\/07\/JE3A7955.jpg\" \/>\n\t<meta property=\"og:image:width\" content=\"1920\" \/>\n\t<meta property=\"og:image:height\" content=\"1280\" \/>\n\t<meta property=\"og:image:type\" content=\"image\/jpeg\" \/>\n<meta name=\"twitter:card\" content=\"summary_large_image\" \/>\n<script type=\"application\/ld+json\" class=\"yoast-schema-graph\">{\"@context\":\"https:\/\/schema.org\",\"@graph\":[{\"@type\":\"WebPage\",\"@id\":\"https:\/\/wassererhof.com\/en\/news\/\",\"url\":\"https:\/\/wassererhof.com\/en\/news\/\",\"name\":\"News - Wassererhof\",\"isPartOf\":{\"@id\":\"https:\/\/wassererhof.com\/en\/#website\"},\"primaryImageOfPage\":{\"@id\":\"https:\/\/wassererhof.com\/en\/news\/#primaryimage\"},\"image\":{\"@id\":\"https:\/\/wassererhof.com\/en\/news\/#primaryimage\"},\"thumbnailUrl\":\"https:\/\/wassererhof.com\/wp-content\/uploads\/2022\/07\/JE3A7955.jpg\",\"datePublished\":\"2023-01-24T17:24:25+00:00\",\"breadcrumb\":{\"@id\":\"https:\/\/wassererhof.com\/en\/news\/#breadcrumb\"},\"inLanguage\":\"en-US\",\"potentialAction\":[{\"@type\":\"ReadAction\",\"target\":[\"https:\/\/wassererhof.com\/en\/news\/\"]}]},{\"@type\":\"ImageObject\",\"inLanguage\":\"en-US\",\"@id\":\"https:\/\/wassererhof.com\/en\/news\/#primaryimage\",\"url\":\"https:\/\/wassererhof.com\/wp-content\/uploads\/2022\/07\/JE3A7955.jpg\",\"contentUrl\":\"https:\/\/wassererhof.com\/wp-content\/uploads\/2022\/07\/JE3A7955.jpg\",\"width\":1920,\"height\":1280},{\"@type\":\"BreadcrumbList\",\"@id\":\"https:\/\/wassererhof.com\/en\/news\/#breadcrumb\",\"itemListElement\":[{\"@type\":\"ListItem\",\"position\":1,\"name\":\"Startseite\",\"item\":\"https:\/\/wassererhof.com\/en\/\"},{\"@type\":\"ListItem\",\"position\":2,\"name\":\"News\"}]},{\"@type\":\"WebSite\",\"@id\":\"https:\/\/wassererhof.com\/en\/#website\",\"url\":\"https:\/\/wassererhof.com\/en\/\",\"name\":\"Wassererhof\",\"description\":\"Weingut und Buschenschank\",\"publisher\":{\"@id\":\"https:\/\/wassererhof.com\/en\/#organization\"},\"potentialAction\":[{\"@type\":\"SearchAction\",\"target\":{\"@type\":\"EntryPoint\",\"urlTemplate\":\"https:\/\/wassererhof.com\/en\/?s={search_term_string}\"},\"query-input\":{\"@type\":\"PropertyValueSpecification\",\"valueRequired\":true,\"valueName\":\"search_term_string\"}}],\"inLanguage\":\"en-US\"},{\"@type\":\"Organization\",\"@id\":\"https:\/\/wassererhof.com\/en\/#organization\",\"name\":\"Wassererhof\",\"url\":\"https:\/\/wassererhof.com\/en\/\",\"logo\":{\"@type\":\"ImageObject\",\"inLanguage\":\"en-US\",\"@id\":\"https:\/\/wassererhof.com\/en\/#\/schema\/logo\/image\/\",\"url\":\"https:\/\/wassererhof.com\/wp-content\/uploads\/2022\/07\/Wassererhof_logo.svg\",\"contentUrl\":\"https:\/\/wassererhof.com\/wp-content\/uploads\/2022\/07\/Wassererhof_logo.svg\",\"width\":543,\"height\":130,\"caption\":\"Wassererhof\"},\"image\":{\"@id\":\"https:\/\/wassererhof.com\/en\/#\/schema\/logo\/image\/\"}}]}<\/script>\n<!-- \/ Yoast SEO plugin. -->","yoast_head_json":{"title":"News - Wassererhof","robots":{"index":"index","follow":"follow","max-snippet":"max-snippet:-1","max-image-preview":"max-image-preview:large","max-video-preview":"max-video-preview:-1"},"canonical":"https:\/\/wassererhof.com\/en\/news\/","og_locale":"en_US","og_type":"article","og_title":"News - Wassererhof","og_description":"Our latest story To our Blog News","og_url":"https:\/\/wassererhof.com\/en\/news\/","og_site_name":"Wassererhof","og_image":[{"width":1920,"height":1280,"url":"https:\/\/wassererhof.com\/wp-content\/uploads\/2022\/07\/JE3A7955.jpg","type":"image\/jpeg"}],"twitter_card":"summary_large_image","schema":{"@context":"https:\/\/schema.org","@graph":[{"@type":"WebPage","@id":"https:\/\/wassererhof.com\/en\/news\/","url":"https:\/\/wassererhof.com\/en\/news\/","name":"News - Wassererhof","isPartOf":{"@id":"https:\/\/wassererhof.com\/en\/#website"},"primaryImageOfPage":{"@id":"https:\/\/wassererhof.com\/en\/news\/#primaryimage"},"image":{"@id":"https:\/\/wassererhof.com\/en\/news\/#primaryimage"},"thumbnailUrl":"https:\/\/wassererhof.com\/wp-content\/uploads\/2022\/07\/JE3A7955.jpg","datePublished":"2023-01-24T17:24:25+00:00","breadcrumb":{"@id":"https:\/\/wassererhof.com\/en\/news\/#breadcrumb"},"inLanguage":"en-US","potentialAction":[{"@type":"ReadAction","target":["https:\/\/wassererhof.com\/en\/news\/"]}]},{"@type":"ImageObject","inLanguage":"en-US","@id":"https:\/\/wassererhof.com\/en\/news\/#primaryimage","url":"https:\/\/wassererhof.com\/wp-content\/uploads\/2022\/07\/JE3A7955.jpg","contentUrl":"https:\/\/wassererhof.com\/wp-content\/uploads\/2022\/07\/JE3A7955.jpg","width":1920,"height":1280},{"@type":"BreadcrumbList","@id":"https:\/\/wassererhof.com\/en\/news\/#breadcrumb","itemListElement":[{"@type":"ListItem","position":1,"name":"Startseite","item":"https:\/\/wassererhof.com\/en\/"},{"@type":"ListItem","position":2,"name":"News"}]},{"@type":"WebSite","@id":"https:\/\/wassererhof.com\/en\/#website","url":"https:\/\/wassererhof.com\/en\/","name":"Wassererhof","description":"Weingut und Buschenschank","publisher":{"@id":"https:\/\/wassererhof.com\/en\/#organization"},"potentialAction":[{"@type":"SearchAction","target":{"@type":"EntryPoint","urlTemplate":"https:\/\/wassererhof.com\/en\/?s={search_term_string}"},"query-input":{"@type":"PropertyValueSpecification","valueRequired":true,"valueName":"search_term_string"}}],"inLanguage":"en-US"},{"@type":"Organization","@id":"https:\/\/wassererhof.com\/en\/#organization","name":"Wassererhof","url":"https:\/\/wassererhof.com\/en\/","logo":{"@type":"ImageObject","inLanguage":"en-US","@id":"https:\/\/wassererhof.com\/en\/#\/schema\/logo\/image\/","url":"https:\/\/wassererhof.com\/wp-content\/uploads\/2022\/07\/Wassererhof_logo.svg","contentUrl":"https:\/\/wassererhof.com\/wp-content\/uploads\/2022\/07\/Wassererhof_logo.svg","width":543,"height":130,"caption":"Wassererhof"},"image":{"@id":"https:\/\/wassererhof.com\/en\/#\/schema\/logo\/image\/"}}]}},"_links":{"self":[{"href":"https:\/\/wassererhof.com\/en\/wp-json\/wp\/v2\/pages\/2063","targetHints":{"allow":["GET"]}}],"collection":[{"href":"https:\/\/wassererhof.com\/en\/wp-json\/wp\/v2\/pages"}],"about":[{"href":"https:\/\/wassererhof.com\/en\/wp-json\/wp\/v2\/types\/page"}],"author":[{"embeddable":true,"href":"https:\/\/wassererhof.com\/en\/wp-json\/wp\/v2\/users\/1"}],"replies":[{"embeddable":true,"href":"https:\/\/wassererhof.com\/en\/wp-json\/wp\/v2\/comments?post=2063"}],"version-history":[{"count":0,"href":"https:\/\/wassererhof.com\/en\/wp-json\/wp\/v2\/pages\/2063\/revisions"}],"wp:featuredmedia":[{"embeddable":true,"href":"https:\/\/wassererhof.com\/en\/wp-json\/wp\/v2\/media\/1348"}],"wp:attachment":[{"href":"https:\/\/wassererhof.com\/en\/wp-json\/wp\/v2\/media?parent=2063"}],"curies":[{"name":"wp","href":"https:\/\/api.w.org\/{rel}","templated":true}]}}