{"id":2071,"date":"2023-01-24T18:37:46","date_gmt":"2023-01-24T17:37:46","guid":{"rendered":"https:\/\/wassererhof.com\/our-wine-shop-wine-directly-from-the-vintner\/"},"modified":"2023-05-10T16:26:21","modified_gmt":"2023-05-10T14:26:21","slug":"our-wine-shop-wine-directly-from-the-vintner","status":"publish","type":"page","link":"https:\/\/wassererhof.com\/en\/our-wine-shop-wine-directly-from-the-vintner\/","title":{"rendered":"Our wine shop &#8211; wine directly from the vintner"},"content":{"rendered":"\t\t<div data-elementor-type=\"wp-page\" data-elementor-id=\"2071\" class=\"elementor elementor-2071 elementor-44\" data-elementor-post-type=\"page\">\n\t\t\t\t\t\t<section class=\"elementor-section elementor-top-section elementor-element elementor-element-4f898db content-row elementor-section-boxed elementor-section-height-default elementor-section-height-default\" data-id=\"4f898db\" data-element_type=\"section\" data-e-type=\"section\">\n\t\t\t\t\t\t<div class=\"elementor-container elementor-column-gap-default\">\n\t\t\t\t\t<div class=\"elementor-column elementor-col-100 elementor-top-column elementor-element elementor-element-9f86188\" data-id=\"9f86188\" data-element_type=\"column\" data-e-type=\"column\">\n\t\t\t<div class=\"elementor-widget-wrap elementor-element-populated\">\n\t\t\t\t\t\t<div class=\"elementor-element elementor-element-51d4350 elementor-widget elementor-widget-text-editor\" data-id=\"51d4350\" data-element_type=\"widget\" data-e-type=\"widget\" data-widget_type=\"text-editor.default\">\n\t\t\t\t<div class=\"elementor-widget-container\">\n\t\t\t\t\t\t\t\t\t<p>Besuchen Sie uns auf dem Wassererhof in V\u00f6ls am Schlern und verkosten Sie im gem\u00fctlichen Ambiente unsere Weine. Wir nehmen uns Zeit f\u00fcr Sie und beraten Sie gerne. Kosten Sie au\u00dferdem regionale Spezialit\u00e4ten sowie handwerkliche Produkte.<\/p>\n\t\t\t\t\t\t\t\t<\/div>\n\t\t\t\t<\/div>\n\t\t\t\t<div class=\"elementor-element elementor-element-a34ca6a elementor-hidden-desktop elementor-hidden-laptop elementor-hidden-tablet elementor-hidden-mobile elementor-widget elementor-widget-text-editor\" data-id=\"a34ca6a\" data-element_type=\"widget\" data-e-type=\"widget\" data-widget_type=\"text-editor.default\">\n\t\t\t\t<div class=\"elementor-widget-container\">\n\t\t\t\t\t\t\t\t\t<p>Opening hours:<br \/>\nMonday to Saturday<br \/>\n8 am &#8211; 7 pm<\/p>\n\t\t\t\t\t\t\t\t<\/div>\n\t\t\t\t<\/div>\n\t\t\t\t\t<\/div>\n\t\t<\/div>\n\t\t\t\t\t<\/div>\n\t\t<\/section>\n\t\t\t\t<section class=\"elementor-section elementor-top-section elementor-element elementor-element-9c6fe86 content-row elementor-section-boxed elementor-section-height-default elementor-section-height-default\" data-id=\"9c6fe86\" data-element_type=\"section\" data-e-type=\"section\">\n\t\t\t\t\t\t<div class=\"elementor-container elementor-column-gap-wider\">\n\t\t\t\t\t<div class=\"elementor-column elementor-col-100 elementor-top-column elementor-element elementor-element-ebfa672\" data-id=\"ebfa672\" data-element_type=\"column\" data-e-type=\"column\">\n\t\t\t<div class=\"elementor-widget-wrap elementor-element-populated\">\n\t\t\t\t\t\t<div class=\"elementor-element elementor-element-3b50789 elementor-widget elementor-widget-image\" data-id=\"3b50789\" data-element_type=\"widget\" data-e-type=\"widget\" data-widget_type=\"image.default\">\n\t\t\t\t<div class=\"elementor-widget-container\">\n\t\t\t\t\t\t\t\t\t\t\t\t\t\t\t<img fetchpriority=\"high\" decoding=\"async\" width=\"800\" height=\"534\" src=\"https:\/\/wassererhof.com\/wp-content\/uploads\/2022\/10\/JE3A7898.jpg\" class=\"attachment-large size-large wp-image-1420\" alt=\"\" srcset=\"https:\/\/wassererhof.com\/wp-content\/uploads\/2022\/10\/JE3A7898.jpg 1024w, https:\/\/wassererhof.com\/wp-content\/uploads\/2022\/10\/JE3A7898-300x200.jpg 300w, https:\/\/wassererhof.com\/wp-content\/uploads\/2022\/10\/JE3A7898-768x512.jpg 768w\" sizes=\"(max-width: 800px) 100vw, 800px\" \/>\t\t\t\t\t\t\t\t\t\t\t\t\t\t\t<\/div>\n\t\t\t\t<\/div>\n\t\t\t\t\t<\/div>\n\t\t<\/div>\n\t\t\t\t\t<\/div>\n\t\t<\/section>\n\t\t\t\t<section class=\"elementor-section elementor-top-section elementor-element elementor-element-4e63ca2 content-row elementor-section-boxed elementor-section-height-default elementor-section-height-default\" data-id=\"4e63ca2\" data-element_type=\"section\" data-e-type=\"section\">\n\t\t\t\t\t\t<div class=\"elementor-container elementor-column-gap-default\">\n\t\t\t\t\t<div class=\"elementor-column elementor-col-100 elementor-top-column elementor-element elementor-element-3638fccd\" data-id=\"3638fccd\" data-element_type=\"column\" data-e-type=\"column\">\n\t\t\t<div class=\"elementor-widget-wrap elementor-element-populated\">\n\t\t\t\t\t\t<div class=\"elementor-element elementor-element-6cd5d44c elementor-widget elementor-widget-heading\" data-id=\"6cd5d44c\" data-element_type=\"widget\" data-e-type=\"widget\" data-widget_type=\"heading.default\">\n\t\t\t\t<div class=\"elementor-widget-container\">\n\t\t\t\t\t<h2 class=\"elementor-heading-title elementor-size-default\">Buy our wines at our partner-shops<\/h2>\t\t\t\t<\/div>\n\t\t\t\t<\/div>\n\t\t\t\t<div class=\"elementor-element elementor-element-17ddda6 red-text-section elementor-widget elementor-widget-text-editor\" data-id=\"17ddda6\" data-element_type=\"widget\" data-e-type=\"widget\" data-widget_type=\"text-editor.default\">\n\t\t\t\t<div class=\"elementor-widget-container\">\n\t\t\t\t\t\t\t\t\t<p>You can also order our wines from our local partners and, of course, online.<\/p>\n\t\t\t\t\t\t\t\t<\/div>\n\t\t\t\t<\/div>\n\t\t\t\t<div class=\"elementor-element elementor-element-7a2af14 elementor-widget-divider--view-line elementor-widget elementor-widget-divider\" data-id=\"7a2af14\" data-element_type=\"widget\" data-e-type=\"widget\" data-widget_type=\"divider.default\">\n\t\t\t\t<div class=\"elementor-widget-container\">\n\t\t\t\t\t\t\t<div class=\"elementor-divider\">\n\t\t\t<span class=\"elementor-divider-separator\">\n\t\t\t\t\t\t<\/span>\n\t\t<\/div>\n\t\t\t\t\t\t<\/div>\n\t\t\t\t<\/div>\n\t\t\t\t<div class=\"elementor-element elementor-element-13c9de8 elementor-widget elementor-widget-image\" data-id=\"13c9de8\" data-element_type=\"widget\" data-e-type=\"widget\" data-widget_type=\"image.default\">\n\t\t\t\t<div class=\"elementor-widget-container\">\n\t\t\t\t\t\t\t\t\t\t\t\t\t\t\t\t<a href=\"https:\/\/www.meranerweinhaus.com\/de\/search\/index\/sSearch\/wassererhof\" target=\"_blank\" rel=\"nofollow\">\n\t\t\t\t\t\t\t<img decoding=\"async\" width=\"110\" height=\"35\" src=\"https:\/\/wassererhof.com\/wp-content\/uploads\/2022\/10\/Logo-Meraner-Weinhaus.svg\" class=\"attachment-medium_large size-medium_large wp-image-1448\" alt=\"\" \/>\t\t\t\t\t\t\t\t<\/a>\n\t\t\t\t\t\t\t\t\t\t\t\t\t\t\t<\/div>\n\t\t\t\t<\/div>\n\t\t\t\t<div class=\"elementor-element elementor-element-3b481d3 elementor-widget elementor-widget-text-editor\" data-id=\"3b481d3\" data-element_type=\"widget\" data-e-type=\"widget\" data-widget_type=\"text-editor.default\">\n\t\t\t\t<div class=\"elementor-widget-container\">\n\t\t\t\t\t\t\t\t\t<p><a href=\"https:\/\/www.meranerweinhaus.com\/de\/search\/index\/sSearch\/wassererhof\" target=\"_blank\" rel=\"noopener\"><strong>Meraner Weinhaus<br \/>\n<\/strong>(South Tyrol and Italy)<\/a><\/p>\n\t\t\t\t\t\t\t\t<\/div>\n\t\t\t\t<\/div>\n\t\t\t\t<div class=\"elementor-element elementor-element-8fd3746 elementor-widget-divider--view-line elementor-widget elementor-widget-divider\" data-id=\"8fd3746\" data-element_type=\"widget\" data-e-type=\"widget\" data-widget_type=\"divider.default\">\n\t\t\t\t<div class=\"elementor-widget-container\">\n\t\t\t\t\t\t\t<div class=\"elementor-divider\">\n\t\t\t<span class=\"elementor-divider-separator\">\n\t\t\t\t\t\t<\/span>\n\t\t<\/div>\n\t\t\t\t\t\t<\/div>\n\t\t\t\t<\/div>\n\t\t\t\t<div class=\"elementor-element elementor-element-0b4fe07 elementor-widget elementor-widget-image\" data-id=\"0b4fe07\" data-element_type=\"widget\" data-e-type=\"widget\" data-widget_type=\"image.default\">\n\t\t\t\t<div class=\"elementor-widget-container\">\n\t\t\t\t\t\t\t\t\t\t\t\t\t\t\t\t<a href=\"https:\/\/www.xn--weinmrt-9wa.ch\/de\/shop\/artikelsuche\/?search_ProdID=69\">\n\t\t\t\t\t\t\t<img decoding=\"async\" width=\"249\" height=\"35\" src=\"https:\/\/wassererhof.com\/wp-content\/uploads\/2022\/10\/weinma\u0308rt.jpeg\" class=\"attachment-medium_large size-medium_large wp-image-1450\" alt=\"\" \/>\t\t\t\t\t\t\t\t<\/a>\n\t\t\t\t\t\t\t\t\t\t\t\t\t\t\t<\/div>\n\t\t\t\t<\/div>\n\t\t\t\t<div class=\"elementor-element elementor-element-57adad9 elementor-widget elementor-widget-text-editor\" data-id=\"57adad9\" data-element_type=\"widget\" data-e-type=\"widget\" data-widget_type=\"text-editor.default\">\n\t\t\t\t<div class=\"elementor-widget-container\">\n\t\t\t\t\t\t\t\t\t<p><a href=\"https:\/\/www.xn--weinmrt-9wa.ch\/de\/shop\/artikelsuche\/?search_ProdID=69\" target=\"_blank\" rel=\"noopener\"><strong>weinm\u00e4rt.ch<br \/>\n<\/strong>(Switzerland)<\/a><\/p>\n\t\t\t\t\t\t\t\t<\/div>\n\t\t\t\t<\/div>\n\t\t\t\t\t<\/div>\n\t\t<\/div>\n\t\t\t\t\t<\/div>\n\t\t<\/section>\n\t\t\t\t<section class=\"elementor-section elementor-top-section elementor-element elementor-element-6184b79 content-row elementor-section-boxed elementor-section-height-default elementor-section-height-default\" data-id=\"6184b79\" data-element_type=\"section\" data-e-type=\"section\">\n\t\t\t\t\t\t<div class=\"elementor-container elementor-column-gap-default\">\n\t\t\t\t\t<div class=\"elementor-column elementor-col-50 elementor-top-column elementor-element elementor-element-3b845b9\" data-id=\"3b845b9\" data-element_type=\"column\" data-e-type=\"column\">\n\t\t\t<div class=\"elementor-widget-wrap elementor-element-populated\">\n\t\t\t\t\t\t<div class=\"elementor-element elementor-element-aab7cde elementor-widget elementor-widget-heading\" data-id=\"aab7cde\" data-element_type=\"widget\" data-e-type=\"widget\" data-widget_type=\"heading.default\">\n\t\t\t\t<div class=\"elementor-widget-container\">\n\t\t\t\t\t<h3 class=\"elementor-heading-title elementor-size-default\">You would like to become one of our partners or offer our wine in your business?<\/h3>\t\t\t\t<\/div>\n\t\t\t\t<\/div>\n\t\t\t\t<div class=\"elementor-element elementor-element-66776be red-text-section elementor-widget elementor-widget-text-editor\" data-id=\"66776be\" data-element_type=\"widget\" data-e-type=\"widget\" data-widget_type=\"text-editor.default\">\n\t\t\t\t<div class=\"elementor-widget-container\">\n\t\t\t\t\t\t\t\t\t<p>Contact us at <a href=\"mailto:info@wassererhof.com\">info@wassererhof.com<\/a> or by phone at <a href=\"tel:+393316645870\">+39 331 664 58 70<\/a> (Christoph Mock) and we will put together your individual offer.<\/p>\n\t\t\t\t\t\t\t\t<\/div>\n\t\t\t\t<\/div>\n\t\t\t\t\t<\/div>\n\t\t<\/div>\n\t\t\t\t<div class=\"elementor-column elementor-col-50 elementor-top-column elementor-element elementor-element-cd963bb\" data-id=\"cd963bb\" data-element_type=\"column\" data-e-type=\"column\">\n\t\t\t<div class=\"elementor-widget-wrap elementor-element-populated\">\n\t\t\t\t\t\t<div class=\"elementor-element elementor-element-d121cf3 elementor-widget elementor-widget-heading\" data-id=\"d121cf3\" data-element_type=\"widget\" data-e-type=\"widget\" data-widget_type=\"heading.default\">\n\t\t\t\t<div class=\"elementor-widget-container\">\n\t\t\t\t\t<h3 class=\"elementor-heading-title elementor-size-default\">Winery tours and tastings<\/h3>\t\t\t\t<\/div>\n\t\t\t\t<\/div>\n\t\t\t\t<div class=\"elementor-element elementor-element-e50e829 red-text-section elementor-widget elementor-widget-text-editor\" data-id=\"e50e829\" data-element_type=\"widget\" data-e-type=\"widget\" data-widget_type=\"text-editor.default\">\n\t\t\t\t<div class=\"elementor-widget-container\">\n\t\t\t\t\t\t\t\t\t<p>Are you planning a trip to the picturesque Valle d&#8217;Isarco and are interested in viticulture and South Tyrolean quality wines? Make an appointment with us for a guided tour of the winery and wine tasting at Wassererhof in the Valle d&#8217;Isarco. Andreas will be happy to treat you to traditional South Tyrolean dishes at our Buschenschank afterwards.<\/p>\n\t\t\t\t\t\t\t\t<\/div>\n\t\t\t\t<\/div>\n\t\t\t\t\t<\/div>\n\t\t<\/div>\n\t\t\t\t\t<\/div>\n\t\t<\/section>\n\t\t\t\t<\/div>\n\t\t","protected":false},"excerpt":{"rendered":"<p>Besuchen Sie uns auf dem Wassererhof in V\u00f6ls am Schlern und verkosten Sie im gem\u00fctlichen Ambiente unsere Weine. Wir nehmen uns Zeit f\u00fcr Sie und beraten Sie gerne. Kosten Sie au\u00dferdem regionale Spezialit\u00e4ten sowie handwerkliche Produkte. Opening hours: Monday to Saturday 8 am &#8211; 7 pm Buy our wines at our partner-shops You can also [&hellip;]<\/p>\n","protected":false},"author":1,"featured_media":1376,"parent":0,"menu_order":0,"comment_status":"closed","ping_status":"closed","template":"","meta":{"_acf_changed":false,"footnotes":""},"class_list":["post-2071","page","type-page","status-publish","has-post-thumbnail","hentry"],"acf":[],"yoast_head":"<!-- This site is optimized with the Yoast SEO plugin v27.4 - https:\/\/yoast.com\/product\/yoast-seo-wordpress\/ -->\n<title>Our wine shop - wine directly from the vintner<\/title>\n<meta name=\"description\" content=\"Buy or order Wassererhof wines directly from the farm in our wine shop or from our partners.\" \/>\n<meta name=\"robots\" content=\"index, follow, max-snippet:-1, max-image-preview:large, max-video-preview:-1\" \/>\n<link rel=\"canonical\" href=\"https:\/\/wassererhof.com\/en\/our-wine-shop-wine-directly-from-the-vintner\/\" \/>\n<meta property=\"og:locale\" content=\"en_US\" \/>\n<meta property=\"og:type\" content=\"article\" \/>\n<meta property=\"og:title\" content=\"Our wine shop - wine directly from the vintner\" \/>\n<meta property=\"og:description\" content=\"Buy or order Wassererhof wines directly from the farm in our wine shop or from our partners.\" \/>\n<meta property=\"og:url\" content=\"https:\/\/wassererhof.com\/en\/our-wine-shop-wine-directly-from-the-vintner\/\" \/>\n<meta property=\"og:site_name\" content=\"Wassererhof\" \/>\n<meta property=\"article:modified_time\" content=\"2023-05-10T14:26:21+00:00\" \/>\n<meta property=\"og:image\" content=\"https:\/\/wassererhof.com\/wp-content\/uploads\/2022\/07\/0000000026-690x410-c.jpeg\" \/>\n\t<meta property=\"og:image:width\" content=\"690\" \/>\n\t<meta property=\"og:image:height\" content=\"410\" \/>\n\t<meta property=\"og:image:type\" content=\"image\/jpeg\" \/>\n<meta name=\"twitter:card\" content=\"summary_large_image\" \/>\n<meta name=\"twitter:label1\" content=\"Est. reading time\" \/>\n\t<meta name=\"twitter:data1\" content=\"1 minute\" \/>\n<script type=\"application\/ld+json\" class=\"yoast-schema-graph\">{\"@context\":\"https:\\\/\\\/schema.org\",\"@graph\":[{\"@type\":\"WebPage\",\"@id\":\"https:\\\/\\\/wassererhof.com\\\/en\\\/our-wine-shop-wine-directly-from-the-vintner\\\/\",\"url\":\"https:\\\/\\\/wassererhof.com\\\/en\\\/our-wine-shop-wine-directly-from-the-vintner\\\/\",\"name\":\"Our wine shop - wine directly from the vintner\",\"isPartOf\":{\"@id\":\"https:\\\/\\\/wassererhof.com\\\/en\\\/#website\"},\"primaryImageOfPage\":{\"@id\":\"https:\\\/\\\/wassererhof.com\\\/en\\\/our-wine-shop-wine-directly-from-the-vintner\\\/#primaryimage\"},\"image\":{\"@id\":\"https:\\\/\\\/wassererhof.com\\\/en\\\/our-wine-shop-wine-directly-from-the-vintner\\\/#primaryimage\"},\"thumbnailUrl\":\"https:\\\/\\\/wassererhof.com\\\/wp-content\\\/uploads\\\/2022\\\/07\\\/0000000026-690x410-c.jpeg\",\"datePublished\":\"2023-01-24T17:37:46+00:00\",\"dateModified\":\"2023-05-10T14:26:21+00:00\",\"description\":\"Buy or order Wassererhof wines directly from the farm in our wine shop or from our partners.\",\"breadcrumb\":{\"@id\":\"https:\\\/\\\/wassererhof.com\\\/en\\\/our-wine-shop-wine-directly-from-the-vintner\\\/#breadcrumb\"},\"inLanguage\":\"en-US\",\"potentialAction\":[{\"@type\":\"ReadAction\",\"target\":[\"https:\\\/\\\/wassererhof.com\\\/en\\\/our-wine-shop-wine-directly-from-the-vintner\\\/\"]}]},{\"@type\":\"ImageObject\",\"inLanguage\":\"en-US\",\"@id\":\"https:\\\/\\\/wassererhof.com\\\/en\\\/our-wine-shop-wine-directly-from-the-vintner\\\/#primaryimage\",\"url\":\"https:\\\/\\\/wassererhof.com\\\/wp-content\\\/uploads\\\/2022\\\/07\\\/0000000026-690x410-c.jpeg\",\"contentUrl\":\"https:\\\/\\\/wassererhof.com\\\/wp-content\\\/uploads\\\/2022\\\/07\\\/0000000026-690x410-c.jpeg\",\"width\":690,\"height\":410},{\"@type\":\"BreadcrumbList\",\"@id\":\"https:\\\/\\\/wassererhof.com\\\/en\\\/our-wine-shop-wine-directly-from-the-vintner\\\/#breadcrumb\",\"itemListElement\":[{\"@type\":\"ListItem\",\"position\":1,\"name\":\"Startseite\",\"item\":\"https:\\\/\\\/wassererhof.com\\\/en\\\/\"},{\"@type\":\"ListItem\",\"position\":2,\"name\":\"Our wine shop &#8211; wine directly from the vintner\"}]},{\"@type\":\"WebSite\",\"@id\":\"https:\\\/\\\/wassererhof.com\\\/en\\\/#website\",\"url\":\"https:\\\/\\\/wassererhof.com\\\/en\\\/\",\"name\":\"Wassererhof\",\"description\":\"Weingut und Buschenschank\",\"publisher\":{\"@id\":\"https:\\\/\\\/wassererhof.com\\\/en\\\/#organization\"},\"potentialAction\":[{\"@type\":\"SearchAction\",\"target\":{\"@type\":\"EntryPoint\",\"urlTemplate\":\"https:\\\/\\\/wassererhof.com\\\/en\\\/?s={search_term_string}\"},\"query-input\":{\"@type\":\"PropertyValueSpecification\",\"valueRequired\":true,\"valueName\":\"search_term_string\"}}],\"inLanguage\":\"en-US\"},{\"@type\":\"Organization\",\"@id\":\"https:\\\/\\\/wassererhof.com\\\/en\\\/#organization\",\"name\":\"Wassererhof\",\"url\":\"https:\\\/\\\/wassererhof.com\\\/en\\\/\",\"logo\":{\"@type\":\"ImageObject\",\"inLanguage\":\"en-US\",\"@id\":\"https:\\\/\\\/wassererhof.com\\\/en\\\/#\\\/schema\\\/logo\\\/image\\\/\",\"url\":\"https:\\\/\\\/wassererhof.com\\\/wp-content\\\/uploads\\\/2022\\\/07\\\/Wassererhof_logo.svg\",\"contentUrl\":\"https:\\\/\\\/wassererhof.com\\\/wp-content\\\/uploads\\\/2022\\\/07\\\/Wassererhof_logo.svg\",\"width\":543,\"height\":130,\"caption\":\"Wassererhof\"},\"image\":{\"@id\":\"https:\\\/\\\/wassererhof.com\\\/en\\\/#\\\/schema\\\/logo\\\/image\\\/\"}}]}<\/script>\n<!-- \/ Yoast SEO plugin. -->","yoast_head_json":{"title":"Our wine shop - wine directly from the vintner","description":"Buy or order Wassererhof wines directly from the farm in our wine shop or from our partners.","robots":{"index":"index","follow":"follow","max-snippet":"max-snippet:-1","max-image-preview":"max-image-preview:large","max-video-preview":"max-video-preview:-1"},"canonical":"https:\/\/wassererhof.com\/en\/our-wine-shop-wine-directly-from-the-vintner\/","og_locale":"en_US","og_type":"article","og_title":"Our wine shop - wine directly from the vintner","og_description":"Buy or order Wassererhof wines directly from the farm in our wine shop or from our partners.","og_url":"https:\/\/wassererhof.com\/en\/our-wine-shop-wine-directly-from-the-vintner\/","og_site_name":"Wassererhof","article_modified_time":"2023-05-10T14:26:21+00:00","og_image":[{"width":690,"height":410,"url":"https:\/\/wassererhof.com\/wp-content\/uploads\/2022\/07\/0000000026-690x410-c.jpeg","type":"image\/jpeg"}],"twitter_card":"summary_large_image","twitter_misc":{"Est. reading time":"1 minute"},"schema":{"@context":"https:\/\/schema.org","@graph":[{"@type":"WebPage","@id":"https:\/\/wassererhof.com\/en\/our-wine-shop-wine-directly-from-the-vintner\/","url":"https:\/\/wassererhof.com\/en\/our-wine-shop-wine-directly-from-the-vintner\/","name":"Our wine shop - wine directly from the vintner","isPartOf":{"@id":"https:\/\/wassererhof.com\/en\/#website"},"primaryImageOfPage":{"@id":"https:\/\/wassererhof.com\/en\/our-wine-shop-wine-directly-from-the-vintner\/#primaryimage"},"image":{"@id":"https:\/\/wassererhof.com\/en\/our-wine-shop-wine-directly-from-the-vintner\/#primaryimage"},"thumbnailUrl":"https:\/\/wassererhof.com\/wp-content\/uploads\/2022\/07\/0000000026-690x410-c.jpeg","datePublished":"2023-01-24T17:37:46+00:00","dateModified":"2023-05-10T14:26:21+00:00","description":"Buy or order Wassererhof wines directly from the farm in our wine shop or from our partners.","breadcrumb":{"@id":"https:\/\/wassererhof.com\/en\/our-wine-shop-wine-directly-from-the-vintner\/#breadcrumb"},"inLanguage":"en-US","potentialAction":[{"@type":"ReadAction","target":["https:\/\/wassererhof.com\/en\/our-wine-shop-wine-directly-from-the-vintner\/"]}]},{"@type":"ImageObject","inLanguage":"en-US","@id":"https:\/\/wassererhof.com\/en\/our-wine-shop-wine-directly-from-the-vintner\/#primaryimage","url":"https:\/\/wassererhof.com\/wp-content\/uploads\/2022\/07\/0000000026-690x410-c.jpeg","contentUrl":"https:\/\/wassererhof.com\/wp-content\/uploads\/2022\/07\/0000000026-690x410-c.jpeg","width":690,"height":410},{"@type":"BreadcrumbList","@id":"https:\/\/wassererhof.com\/en\/our-wine-shop-wine-directly-from-the-vintner\/#breadcrumb","itemListElement":[{"@type":"ListItem","position":1,"name":"Startseite","item":"https:\/\/wassererhof.com\/en\/"},{"@type":"ListItem","position":2,"name":"Our wine shop &#8211; wine directly from the vintner"}]},{"@type":"WebSite","@id":"https:\/\/wassererhof.com\/en\/#website","url":"https:\/\/wassererhof.com\/en\/","name":"Wassererhof","description":"Weingut und Buschenschank","publisher":{"@id":"https:\/\/wassererhof.com\/en\/#organization"},"potentialAction":[{"@type":"SearchAction","target":{"@type":"EntryPoint","urlTemplate":"https:\/\/wassererhof.com\/en\/?s={search_term_string}"},"query-input":{"@type":"PropertyValueSpecification","valueRequired":true,"valueName":"search_term_string"}}],"inLanguage":"en-US"},{"@type":"Organization","@id":"https:\/\/wassererhof.com\/en\/#organization","name":"Wassererhof","url":"https:\/\/wassererhof.com\/en\/","logo":{"@type":"ImageObject","inLanguage":"en-US","@id":"https:\/\/wassererhof.com\/en\/#\/schema\/logo\/image\/","url":"https:\/\/wassererhof.com\/wp-content\/uploads\/2022\/07\/Wassererhof_logo.svg","contentUrl":"https:\/\/wassererhof.com\/wp-content\/uploads\/2022\/07\/Wassererhof_logo.svg","width":543,"height":130,"caption":"Wassererhof"},"image":{"@id":"https:\/\/wassererhof.com\/en\/#\/schema\/logo\/image\/"}}]}},"_links":{"self":[{"href":"https:\/\/wassererhof.com\/en\/wp-json\/wp\/v2\/pages\/2071","targetHints":{"allow":["GET"]}}],"collection":[{"href":"https:\/\/wassererhof.com\/en\/wp-json\/wp\/v2\/pages"}],"about":[{"href":"https:\/\/wassererhof.com\/en\/wp-json\/wp\/v2\/types\/page"}],"author":[{"embeddable":true,"href":"https:\/\/wassererhof.com\/en\/wp-json\/wp\/v2\/users\/1"}],"replies":[{"embeddable":true,"href":"https:\/\/wassererhof.com\/en\/wp-json\/wp\/v2\/comments?post=2071"}],"version-history":[{"count":0,"href":"https:\/\/wassererhof.com\/en\/wp-json\/wp\/v2\/pages\/2071\/revisions"}],"wp:featuredmedia":[{"embeddable":true,"href":"https:\/\/wassererhof.com\/en\/wp-json\/wp\/v2\/media\/1376"}],"wp:attachment":[{"href":"https:\/\/wassererhof.com\/en\/wp-json\/wp\/v2\/media?parent=2071"}],"curies":[{"name":"wp","href":"https:\/\/api.w.org\/{rel}","templated":true}]}}