{"id":2243,"date":"2023-05-04T18:42:46","date_gmt":"2023-05-04T16:42:46","guid":{"rendered":"https:\/\/wassererhof.com\/impressum\/"},"modified":"2023-08-04T14:49:19","modified_gmt":"2023-08-04T12:49:19","slug":"impressum","status":"publish","type":"page","link":"https:\/\/wassererhof.com\/en\/impressum\/","title":{"rendered":"Impressum"},"content":{"rendered":"\t\t<div data-elementor-type=\"wp-page\" data-elementor-id=\"2243\" class=\"elementor elementor-2243 elementor-168\" data-elementor-post-type=\"page\">\n\t\t\t\t<div class=\"elementor-element elementor-element-20c921b e-flex e-con-boxed e-con e-parent\" data-id=\"20c921b\" data-element_type=\"container\" data-e-type=\"container\">\n\t\t\t\t\t<div class=\"e-con-inner\">\n\t\t\t\t<div class=\"elementor-element elementor-element-487c7cd elementor-widget elementor-widget-heading\" data-id=\"487c7cd\" data-element_type=\"widget\" data-e-type=\"widget\" data-widget_type=\"heading.default\">\n\t\t\t\t<div class=\"elementor-widget-container\">\n\t\t\t\t\t<h2 class=\"elementor-heading-title elementor-size-default\">Winery Wassererhof<\/h2>\t\t\t\t<\/div>\n\t\t\t\t<\/div>\n\t\t\t\t<div class=\"elementor-element elementor-element-dc41513 elementor-widget elementor-widget-text-editor\" data-id=\"dc41513\" data-element_type=\"widget\" data-e-type=\"widget\" data-widget_type=\"text-editor.default\">\n\t\t\t\t<div class=\"elementor-widget-container\">\n\t\t\t\t\t\t\t\t\t<p>Christoph Mock<\/p>\n<p>V\u00f6lser Ried 21 | Novale di Fi\u00e8 21<br \/>\n39050 V\u00f6ls am Schlern | Fi\u00e8 allo Sciliar<\/p>\n<p>Tax Code.: MCKCRS72P04A952I<br \/>\nVAT: 01628950212<\/p>\n<p><a href=\"mailto:info@wassererhof.com\" data-cmp-ab=\"2\">info@wassererhof.com<\/a><\/p>\n<p>Winery: +39 331 664 5870<br \/>\nRestaurant: +39 338 777 92 27<\/p>\n<p>Concept, Design and Development: <a href=\"https:\/\/freiundzeit.it\" target=\"_blank\" rel=\"noopener\">Frei und Zeit, Brixen<\/a><\/p>\n\t\t\t\t\t\t\t\t<\/div>\n\t\t\t\t<\/div>\n\t\t\t\t<div class=\"elementor-element elementor-element-602b416 elementor-widget elementor-widget-heading\" data-id=\"602b416\" data-element_type=\"widget\" data-e-type=\"widget\" data-widget_type=\"heading.default\">\n\t\t\t\t<div class=\"elementor-widget-container\">\n\t\t\t\t\t<h3 class=\"elementor-heading-title elementor-size-default\">Notes<\/h3>\t\t\t\t<\/div>\n\t\t\t\t<\/div>\n\t\t\t\t<div class=\"elementor-element elementor-element-dba9fac elementor-widget elementor-widget-text-editor\" data-id=\"dba9fac\" data-element_type=\"widget\" data-e-type=\"widget\" data-widget_type=\"text-editor.default\">\n\t\t\t\t<div class=\"elementor-widget-container\">\n\t\t\t\t\t\t\t\t\t<p>All content published on this website has been carefully checked by us. No liability or guarantee for the correctness and completeness of the content can be assumed. The same applies to all websites that can be reached via hyperlinks. We are not responsible for the content of these hyperlinked pages. We reserve the right to update, change and add to the content of the website.<\/p>\n\t\t\t\t\t\t\t\t<\/div>\n\t\t\t\t<\/div>\n\t\t\t\t\t<\/div>\n\t\t\t\t<\/div>\n\t\t\t\t<\/div>\n\t\t","protected":false},"excerpt":{"rendered":"<p>Winery Wassererhof Christoph Mock V\u00f6lser Ried 21 | Novale di Fi\u00e8 21 39050 V\u00f6ls am Schlern | Fi\u00e8 allo Sciliar Tax Code.: MCKCRS72P04A952I VAT: 01628950212 info@wassererhof.com Winery: +39 331 664 5870 Restaurant: +39 338 777 92 27 Concept, Design and Development: Frei und Zeit, Brixen Notes All content published on this website has been carefully [&hellip;]<\/p>\n","protected":false},"author":1,"featured_media":1342,"parent":0,"menu_order":0,"comment_status":"closed","ping_status":"closed","template":"","meta":{"_acf_changed":false,"footnotes":""},"class_list":["post-2243","page","type-page","status-publish","has-post-thumbnail","hentry"],"acf":[],"yoast_head":"<!-- This site is optimized with the Yoast SEO plugin v27.2 - https:\/\/yoast.com\/product\/yoast-seo-wordpress\/ -->\n<title>Impressum - Wassererhof<\/title>\n<meta name=\"robots\" content=\"index, follow, max-snippet:-1, max-image-preview:large, max-video-preview:-1\" \/>\n<link rel=\"canonical\" href=\"https:\/\/wassererhof.com\/en\/impressum\/\" \/>\n<meta property=\"og:locale\" content=\"en_US\" \/>\n<meta property=\"og:type\" content=\"article\" \/>\n<meta property=\"og:title\" content=\"Impressum - Wassererhof\" \/>\n<meta property=\"og:description\" content=\"Winery Wassererhof Christoph Mock V\u00f6lser Ried 21 | Novale di Fi\u00e8 21 39050 V\u00f6ls am Schlern | Fi\u00e8 allo Sciliar Tax Code.: MCKCRS72P04A952I VAT: 01628950212 info@wassererhof.com Winery: +39 331 664 5870 Restaurant: +39 338 777 92 27 Concept, Design and Development: Frei und Zeit, Brixen Notes All content published on this website has been carefully [&hellip;]\" \/>\n<meta property=\"og:url\" content=\"https:\/\/wassererhof.com\/en\/impressum\/\" \/>\n<meta property=\"og:site_name\" content=\"Wassererhof\" \/>\n<meta property=\"article:modified_time\" content=\"2023-08-04T12:49:19+00:00\" \/>\n<meta property=\"og:image\" content=\"https:\/\/wassererhof.com\/wp-content\/uploads\/2022\/07\/JE3A7881.jpg\" \/>\n\t<meta property=\"og:image:width\" content=\"1920\" \/>\n\t<meta property=\"og:image:height\" content=\"1280\" \/>\n\t<meta property=\"og:image:type\" content=\"image\/jpeg\" \/>\n<meta name=\"twitter:card\" content=\"summary_large_image\" \/>\n<meta name=\"twitter:label1\" content=\"Est. reading time\" \/>\n\t<meta name=\"twitter:data1\" content=\"1 minute\" \/>\n<script type=\"application\/ld+json\" class=\"yoast-schema-graph\">{\"@context\":\"https:\/\/schema.org\",\"@graph\":[{\"@type\":\"WebPage\",\"@id\":\"https:\/\/wassererhof.com\/en\/impressum\/\",\"url\":\"https:\/\/wassererhof.com\/en\/impressum\/\",\"name\":\"Impressum - Wassererhof\",\"isPartOf\":{\"@id\":\"https:\/\/wassererhof.com\/en\/#website\"},\"primaryImageOfPage\":{\"@id\":\"https:\/\/wassererhof.com\/en\/impressum\/#primaryimage\"},\"image\":{\"@id\":\"https:\/\/wassererhof.com\/en\/impressum\/#primaryimage\"},\"thumbnailUrl\":\"https:\/\/wassererhof.com\/wp-content\/uploads\/2022\/07\/JE3A7881.jpg\",\"datePublished\":\"2023-05-04T16:42:46+00:00\",\"dateModified\":\"2023-08-04T12:49:19+00:00\",\"breadcrumb\":{\"@id\":\"https:\/\/wassererhof.com\/en\/impressum\/#breadcrumb\"},\"inLanguage\":\"en-US\",\"potentialAction\":[{\"@type\":\"ReadAction\",\"target\":[\"https:\/\/wassererhof.com\/en\/impressum\/\"]}]},{\"@type\":\"ImageObject\",\"inLanguage\":\"en-US\",\"@id\":\"https:\/\/wassererhof.com\/en\/impressum\/#primaryimage\",\"url\":\"https:\/\/wassererhof.com\/wp-content\/uploads\/2022\/07\/JE3A7881.jpg\",\"contentUrl\":\"https:\/\/wassererhof.com\/wp-content\/uploads\/2022\/07\/JE3A7881.jpg\",\"width\":1920,\"height\":1280},{\"@type\":\"BreadcrumbList\",\"@id\":\"https:\/\/wassererhof.com\/en\/impressum\/#breadcrumb\",\"itemListElement\":[{\"@type\":\"ListItem\",\"position\":1,\"name\":\"Startseite\",\"item\":\"https:\/\/wassererhof.com\/en\/\"},{\"@type\":\"ListItem\",\"position\":2,\"name\":\"Impressum\"}]},{\"@type\":\"WebSite\",\"@id\":\"https:\/\/wassererhof.com\/en\/#website\",\"url\":\"https:\/\/wassererhof.com\/en\/\",\"name\":\"Wassererhof\",\"description\":\"Weingut und Buschenschank\",\"publisher\":{\"@id\":\"https:\/\/wassererhof.com\/en\/#organization\"},\"potentialAction\":[{\"@type\":\"SearchAction\",\"target\":{\"@type\":\"EntryPoint\",\"urlTemplate\":\"https:\/\/wassererhof.com\/en\/?s={search_term_string}\"},\"query-input\":{\"@type\":\"PropertyValueSpecification\",\"valueRequired\":true,\"valueName\":\"search_term_string\"}}],\"inLanguage\":\"en-US\"},{\"@type\":\"Organization\",\"@id\":\"https:\/\/wassererhof.com\/en\/#organization\",\"name\":\"Wassererhof\",\"url\":\"https:\/\/wassererhof.com\/en\/\",\"logo\":{\"@type\":\"ImageObject\",\"inLanguage\":\"en-US\",\"@id\":\"https:\/\/wassererhof.com\/en\/#\/schema\/logo\/image\/\",\"url\":\"https:\/\/wassererhof.com\/wp-content\/uploads\/2022\/07\/Wassererhof_logo.svg\",\"contentUrl\":\"https:\/\/wassererhof.com\/wp-content\/uploads\/2022\/07\/Wassererhof_logo.svg\",\"width\":543,\"height\":130,\"caption\":\"Wassererhof\"},\"image\":{\"@id\":\"https:\/\/wassererhof.com\/en\/#\/schema\/logo\/image\/\"}}]}<\/script>\n<!-- \/ Yoast SEO plugin. -->","yoast_head_json":{"title":"Impressum - Wassererhof","robots":{"index":"index","follow":"follow","max-snippet":"max-snippet:-1","max-image-preview":"max-image-preview:large","max-video-preview":"max-video-preview:-1"},"canonical":"https:\/\/wassererhof.com\/en\/impressum\/","og_locale":"en_US","og_type":"article","og_title":"Impressum - Wassererhof","og_description":"Winery Wassererhof Christoph Mock V\u00f6lser Ried 21 | Novale di Fi\u00e8 21 39050 V\u00f6ls am Schlern | Fi\u00e8 allo Sciliar Tax Code.: MCKCRS72P04A952I VAT: 01628950212 info@wassererhof.com Winery: +39 331 664 5870 Restaurant: +39 338 777 92 27 Concept, Design and Development: Frei und Zeit, Brixen Notes All content published on this website has been carefully [&hellip;]","og_url":"https:\/\/wassererhof.com\/en\/impressum\/","og_site_name":"Wassererhof","article_modified_time":"2023-08-04T12:49:19+00:00","og_image":[{"width":1920,"height":1280,"url":"https:\/\/wassererhof.com\/wp-content\/uploads\/2022\/07\/JE3A7881.jpg","type":"image\/jpeg"}],"twitter_card":"summary_large_image","twitter_misc":{"Est. reading time":"1 minute"},"schema":{"@context":"https:\/\/schema.org","@graph":[{"@type":"WebPage","@id":"https:\/\/wassererhof.com\/en\/impressum\/","url":"https:\/\/wassererhof.com\/en\/impressum\/","name":"Impressum - Wassererhof","isPartOf":{"@id":"https:\/\/wassererhof.com\/en\/#website"},"primaryImageOfPage":{"@id":"https:\/\/wassererhof.com\/en\/impressum\/#primaryimage"},"image":{"@id":"https:\/\/wassererhof.com\/en\/impressum\/#primaryimage"},"thumbnailUrl":"https:\/\/wassererhof.com\/wp-content\/uploads\/2022\/07\/JE3A7881.jpg","datePublished":"2023-05-04T16:42:46+00:00","dateModified":"2023-08-04T12:49:19+00:00","breadcrumb":{"@id":"https:\/\/wassererhof.com\/en\/impressum\/#breadcrumb"},"inLanguage":"en-US","potentialAction":[{"@type":"ReadAction","target":["https:\/\/wassererhof.com\/en\/impressum\/"]}]},{"@type":"ImageObject","inLanguage":"en-US","@id":"https:\/\/wassererhof.com\/en\/impressum\/#primaryimage","url":"https:\/\/wassererhof.com\/wp-content\/uploads\/2022\/07\/JE3A7881.jpg","contentUrl":"https:\/\/wassererhof.com\/wp-content\/uploads\/2022\/07\/JE3A7881.jpg","width":1920,"height":1280},{"@type":"BreadcrumbList","@id":"https:\/\/wassererhof.com\/en\/impressum\/#breadcrumb","itemListElement":[{"@type":"ListItem","position":1,"name":"Startseite","item":"https:\/\/wassererhof.com\/en\/"},{"@type":"ListItem","position":2,"name":"Impressum"}]},{"@type":"WebSite","@id":"https:\/\/wassererhof.com\/en\/#website","url":"https:\/\/wassererhof.com\/en\/","name":"Wassererhof","description":"Weingut und Buschenschank","publisher":{"@id":"https:\/\/wassererhof.com\/en\/#organization"},"potentialAction":[{"@type":"SearchAction","target":{"@type":"EntryPoint","urlTemplate":"https:\/\/wassererhof.com\/en\/?s={search_term_string}"},"query-input":{"@type":"PropertyValueSpecification","valueRequired":true,"valueName":"search_term_string"}}],"inLanguage":"en-US"},{"@type":"Organization","@id":"https:\/\/wassererhof.com\/en\/#organization","name":"Wassererhof","url":"https:\/\/wassererhof.com\/en\/","logo":{"@type":"ImageObject","inLanguage":"en-US","@id":"https:\/\/wassererhof.com\/en\/#\/schema\/logo\/image\/","url":"https:\/\/wassererhof.com\/wp-content\/uploads\/2022\/07\/Wassererhof_logo.svg","contentUrl":"https:\/\/wassererhof.com\/wp-content\/uploads\/2022\/07\/Wassererhof_logo.svg","width":543,"height":130,"caption":"Wassererhof"},"image":{"@id":"https:\/\/wassererhof.com\/en\/#\/schema\/logo\/image\/"}}]}},"_links":{"self":[{"href":"https:\/\/wassererhof.com\/en\/wp-json\/wp\/v2\/pages\/2243","targetHints":{"allow":["GET"]}}],"collection":[{"href":"https:\/\/wassererhof.com\/en\/wp-json\/wp\/v2\/pages"}],"about":[{"href":"https:\/\/wassererhof.com\/en\/wp-json\/wp\/v2\/types\/page"}],"author":[{"embeddable":true,"href":"https:\/\/wassererhof.com\/en\/wp-json\/wp\/v2\/users\/1"}],"replies":[{"embeddable":true,"href":"https:\/\/wassererhof.com\/en\/wp-json\/wp\/v2\/comments?post=2243"}],"version-history":[{"count":2,"href":"https:\/\/wassererhof.com\/en\/wp-json\/wp\/v2\/pages\/2243\/revisions"}],"predecessor-version":[{"id":2605,"href":"https:\/\/wassererhof.com\/en\/wp-json\/wp\/v2\/pages\/2243\/revisions\/2605"}],"wp:featuredmedia":[{"embeddable":true,"href":"https:\/\/wassererhof.com\/en\/wp-json\/wp\/v2\/media\/1342"}],"wp:attachment":[{"href":"https:\/\/wassererhof.com\/en\/wp-json\/wp\/v2\/media?parent=2243"}],"curies":[{"name":"wp","href":"https:\/\/api.w.org\/{rel}","templated":true}]}}