{"id":1458,"date":"2022-10-10T17:07:23","date_gmt":"2022-10-10T15:07:23","guid":{"rendered":"https:\/\/wassererhof.com\/christoph-mock-viticoltore-in-alto-adige-con-tradizione-familiare\/"},"modified":"2023-07-31T11:37:48","modified_gmt":"2023-07-31T09:37:48","slug":"christoph-mock-viticoltore-in-alto-adige-con-tradizione-familiare","status":"publish","type":"page","link":"https:\/\/wassererhof.com\/it\/christoph-mock-viticoltore-in-alto-adige-con-tradizione-familiare\/","title":{"rendered":"Christoph Mock \u2013 il vignaiolo con un forte senso della famiglia"},"content":{"rendered":"\t\t<div data-elementor-type=\"wp-page\" data-elementor-id=\"1458\" class=\"elementor elementor-1458 elementor-897\" data-elementor-post-type=\"page\">\n\t\t\t\t\t\t<section class=\"elementor-section elementor-top-section elementor-element elementor-element-5088d664 content-row elementor-section-boxed elementor-section-height-default elementor-section-height-default\" data-id=\"5088d664\" data-element_type=\"section\" data-e-type=\"section\">\n\t\t\t\t\t\t<div class=\"elementor-container elementor-column-gap-default\">\n\t\t\t\t\t<div class=\"elementor-column elementor-col-100 elementor-top-column elementor-element elementor-element-72500682\" data-id=\"72500682\" data-element_type=\"column\" data-e-type=\"column\">\n\t\t\t<div class=\"elementor-widget-wrap elementor-element-populated\">\n\t\t\t\t\t\t<div class=\"elementor-element elementor-element-195badaa elementor-widget elementor-widget-heading\" data-id=\"195badaa\" data-element_type=\"widget\" data-e-type=\"widget\" data-widget_type=\"heading.default\">\n\t\t\t\t<div class=\"elementor-widget-container\">\n\t\t\t\t\t<h2 class=\"elementor-heading-title elementor-size-default\">Quattro fratelli uniti dalla passione per il vino e il gusto.<\/h2>\t\t\t\t<\/div>\n\t\t\t\t<\/div>\n\t\t\t\t<div class=\"elementor-element elementor-element-9932858 elementor-widget-laptop__width-initial elementor-widget elementor-widget-text-editor\" data-id=\"9932858\" data-element_type=\"widget\" data-e-type=\"widget\" data-widget_type=\"text-editor.default\">\n\t\t\t\t<div class=\"elementor-widget-container\">\n\t\t\t\t\t\t\t\t\t<p>Il principio guida dei fratelli Mock \u00e8 l\u2019unit\u00e0 familiare: ciascuno contribuisce con i propri talenti. Il primo contatto per chi visita il Wassererhof \u00e8 con i gemelli Christoph e Andreas, il vignaiolo e il cuoco.<\/p>\n<p>Quando fondarono la loro azienda nel 2004, \u00a0i fratelli Mock avevano una precisa visione comune: produrre ottimi vini di carattere \u2013 tipicamente Wassererhof \u2013 e presentarli in una cornice adeguata, ovvero l\u2019antico maso sapientemente restaurato e l\u2019annessa osteria contadina con la sua squisita cucina regionale. Se questa visione si realizza quotidianamente, \u00e8 grazie al mutuo supporto tra i quattro fratelli \u2013 la solidariet\u00e0 familiare unita all\u2019amore per il buon vino e il buon cibo.<\/p>\n\t\t\t\t\t\t\t\t<\/div>\n\t\t\t\t<\/div>\n\t\t\t\t\t<\/div>\n\t\t<\/div>\n\t\t\t\t\t<\/div>\n\t\t<\/section>\n\t\t\t\t<section class=\"elementor-section elementor-top-section elementor-element elementor-element-cb9bbef elementor-section-height-min-height content-row elementor-section-boxed elementor-section-height-default elementor-section-items-middle\" data-id=\"cb9bbef\" data-element_type=\"section\" data-e-type=\"section\" data-settings=\"{&quot;background_background&quot;:&quot;classic&quot;}\">\n\t\t\t\t\t\t<div class=\"elementor-container elementor-column-gap-default\">\n\t\t\t\t\t<div class=\"elementor-column elementor-col-100 elementor-top-column elementor-element elementor-element-fc37beb\" data-id=\"fc37beb\" data-element_type=\"column\" data-e-type=\"column\">\n\t\t\t<div class=\"elementor-widget-wrap\">\n\t\t\t\t\t\t\t<\/div>\n\t\t<\/div>\n\t\t\t\t\t<\/div>\n\t\t<\/section>\n\t\t\t\t<section class=\"elementor-section elementor-top-section elementor-element elementor-element-3ad7745 content-row elementor-section-boxed elementor-section-height-default elementor-section-height-default\" data-id=\"3ad7745\" data-element_type=\"section\" data-e-type=\"section\">\n\t\t\t\t\t\t<div class=\"elementor-container elementor-column-gap-default\">\n\t\t\t\t\t<div class=\"elementor-column elementor-col-100 elementor-top-column elementor-element elementor-element-d5b6c73\" data-id=\"d5b6c73\" data-element_type=\"column\" data-e-type=\"column\">\n\t\t\t<div class=\"elementor-widget-wrap elementor-element-populated\">\n\t\t\t\t\t\t<div class=\"elementor-element elementor-element-c6a9fe5 elementor-widget elementor-widget-image\" data-id=\"c6a9fe5\" data-element_type=\"widget\" data-e-type=\"widget\" data-widget_type=\"image.default\">\n\t\t\t\t<div class=\"elementor-widget-container\">\n\t\t\t\t\t\t\t\t\t\t\t\t\t\t\t<img decoding=\"async\" width=\"70\" height=\"70\" src=\"https:\/\/wassererhof.com\/wp-content\/uploads\/2022\/07\/Wassererhof_lcon.svg\" class=\"attachment-large size-large wp-image-1403\" alt=\"\" \/>\t\t\t\t\t\t\t\t\t\t\t\t\t\t\t<\/div>\n\t\t\t\t<\/div>\n\t\t\t\t<div class=\"elementor-element elementor-element-2bf87a7 elementor-widget elementor-widget-heading\" data-id=\"2bf87a7\" data-element_type=\"widget\" data-e-type=\"widget\" data-widget_type=\"heading.default\">\n\t\t\t\t<div class=\"elementor-widget-container\">\n\t\t\t\t\t<h2 class=\"elementor-heading-title elementor-size-default\">Il Wassererhof \u00e8 una vera azienda a conduzione familiare, ciascuno contribuisce con i propri talenti<\/h2>\t\t\t\t<\/div>\n\t\t\t\t<\/div>\n\t\t\t\t<section class=\"elementor-section elementor-inner-section elementor-element elementor-element-561bac9 elementor-section-boxed elementor-section-height-default elementor-section-height-default\" data-id=\"561bac9\" data-element_type=\"section\" data-e-type=\"section\">\n\t\t\t\t\t\t<div class=\"elementor-container elementor-column-gap-default\">\n\t\t\t\t\t<div class=\"elementor-column elementor-col-50 elementor-inner-column elementor-element elementor-element-0e66d70\" data-id=\"0e66d70\" data-element_type=\"column\" data-e-type=\"column\">\n\t\t\t<div class=\"elementor-widget-wrap elementor-element-populated\">\n\t\t\t\t\t\t<div class=\"elementor-element elementor-element-f9ff0f3 elementor-widget elementor-widget-image\" data-id=\"f9ff0f3\" data-element_type=\"widget\" data-e-type=\"widget\" data-widget_type=\"image.default\">\n\t\t\t\t<div class=\"elementor-widget-container\">\n\t\t\t\t\t\t\t\t\t\t\t\t\t\t\t<img fetchpriority=\"high\" decoding=\"async\" width=\"360\" height=\"360\" src=\"https:\/\/wassererhof.com\/wp-content\/uploads\/2022\/10\/Christoph-Mock.png\" class=\"attachment-large size-large wp-image-1425\" alt=\"\" srcset=\"https:\/\/wassererhof.com\/wp-content\/uploads\/2022\/10\/Christoph-Mock.png 360w, https:\/\/wassererhof.com\/wp-content\/uploads\/2022\/10\/Christoph-Mock-300x300.png 300w, https:\/\/wassererhof.com\/wp-content\/uploads\/2022\/10\/Christoph-Mock-150x150.png 150w\" sizes=\"(max-width: 360px) 100vw, 360px\" \/>\t\t\t\t\t\t\t\t\t\t\t\t\t\t\t<\/div>\n\t\t\t\t<\/div>\n\t\t\t\t\t<\/div>\n\t\t<\/div>\n\t\t\t\t<div class=\"elementor-column elementor-col-50 elementor-inner-column elementor-element elementor-element-a38bd94\" data-id=\"a38bd94\" data-element_type=\"column\" data-e-type=\"column\">\n\t\t\t<div class=\"elementor-widget-wrap elementor-element-populated\">\n\t\t\t\t\t\t<div class=\"elementor-element elementor-element-8a5b104 elementor-widget elementor-widget-text-editor\" data-id=\"8a5b104\" data-element_type=\"widget\" data-e-type=\"widget\" data-widget_type=\"text-editor.default\">\n\t\t\t\t<div class=\"elementor-widget-container\">\n\t\t\t\t\t\t\t\t\t<p><strong>Christoph Mock <\/strong>\u00e8 il capo cantiniere e lo spirito guida del Wassererhof. La sua filosofia e il suo idealismo si riflettono tanto in vigna, quanto in cantina e nell\u2019intera azienda. Christoph ama i vini decisi, capaci di esprimere le peculiarit\u00e0 dei siti e dei terreni di provenienza. Per lui fare vino non \u00e8 un semplice processo tecnico, ma il risultato di una gestione sostenibile fondata sui cicli naturali e sull\u2019amore per la bellezza.<\/p>\n\t\t\t\t\t\t\t\t<\/div>\n\t\t\t\t<\/div>\n\t\t\t\t\t<\/div>\n\t\t<\/div>\n\t\t\t\t\t<\/div>\n\t\t<\/section>\n\t\t\t\t<section class=\"elementor-section elementor-inner-section elementor-element elementor-element-117373e elementor-section-boxed elementor-section-height-default elementor-section-height-default\" data-id=\"117373e\" data-element_type=\"section\" data-e-type=\"section\">\n\t\t\t\t\t\t<div class=\"elementor-container elementor-column-gap-default\">\n\t\t\t\t\t<div class=\"elementor-column elementor-col-50 elementor-inner-column elementor-element elementor-element-b431839\" data-id=\"b431839\" data-element_type=\"column\" data-e-type=\"column\">\n\t\t\t<div class=\"elementor-widget-wrap elementor-element-populated\">\n\t\t\t\t\t\t<div class=\"elementor-element elementor-element-db0e30f elementor-widget elementor-widget-image\" data-id=\"db0e30f\" data-element_type=\"widget\" data-e-type=\"widget\" data-widget_type=\"image.default\">\n\t\t\t\t<div class=\"elementor-widget-container\">\n\t\t\t\t\t\t\t\t\t\t\t\t\t\t\t<img decoding=\"async\" width=\"360\" height=\"361\" src=\"https:\/\/wassererhof.com\/wp-content\/uploads\/2022\/10\/Andreas-Mock.png\" class=\"attachment-large size-large wp-image-1427\" alt=\"\" srcset=\"https:\/\/wassererhof.com\/wp-content\/uploads\/2022\/10\/Andreas-Mock.png 360w, https:\/\/wassererhof.com\/wp-content\/uploads\/2022\/10\/Andreas-Mock-300x300.png 300w, https:\/\/wassererhof.com\/wp-content\/uploads\/2022\/10\/Andreas-Mock-150x150.png 150w\" sizes=\"(max-width: 360px) 100vw, 360px\" \/>\t\t\t\t\t\t\t\t\t\t\t\t\t\t\t<\/div>\n\t\t\t\t<\/div>\n\t\t\t\t\t<\/div>\n\t\t<\/div>\n\t\t\t\t<div class=\"elementor-column elementor-col-50 elementor-inner-column elementor-element elementor-element-36086ab\" data-id=\"36086ab\" data-element_type=\"column\" data-e-type=\"column\">\n\t\t\t<div class=\"elementor-widget-wrap elementor-element-populated\">\n\t\t\t\t\t\t<div class=\"elementor-element elementor-element-12576df elementor-widget elementor-widget-text-editor\" data-id=\"12576df\" data-element_type=\"widget\" data-e-type=\"widget\" data-widget_type=\"text-editor.default\">\n\t\t\t\t<div class=\"elementor-widget-container\">\n\t\t\t\t\t\t\t\t\t<p><strong>Andreas Mock<\/strong> \u00e8 il cuoco e il responsabile dell\u2019osteria contadina. Diplomato in ragioneria, col tempo ha preferito trasformare in mestiere la sua passione per la buona tavola. Andreas punta su una cucina tradizionale rivisitata creativamente. E perch\u00e9 sia anche buona e sana, utilizza solo ingredienti di qualit\u00e0, freschi e di stagione. Tra i suoi piatti spiccano i canederli alle rape rosse, al porro o al Grauk\u00e4se, l\u2019orzotto e, in autunno, le frittelle di patate con i crauti.<\/p>\n\t\t\t\t\t\t\t\t<\/div>\n\t\t\t\t<\/div>\n\t\t\t\t\t<\/div>\n\t\t<\/div>\n\t\t\t\t\t<\/div>\n\t\t<\/section>\n\t\t\t\t<section class=\"elementor-section elementor-inner-section elementor-element elementor-element-2a8e7d1 elementor-section-boxed elementor-section-height-default elementor-section-height-default\" data-id=\"2a8e7d1\" data-element_type=\"section\" data-e-type=\"section\">\n\t\t\t\t\t\t<div class=\"elementor-container elementor-column-gap-default\">\n\t\t\t\t\t<div class=\"elementor-column elementor-col-50 elementor-inner-column elementor-element elementor-element-34f4f3e\" data-id=\"34f4f3e\" data-element_type=\"column\" data-e-type=\"column\">\n\t\t\t<div class=\"elementor-widget-wrap elementor-element-populated\">\n\t\t\t\t\t\t<div class=\"elementor-element elementor-element-b4017d5 elementor-widget elementor-widget-image\" data-id=\"b4017d5\" data-element_type=\"widget\" data-e-type=\"widget\" data-widget_type=\"image.default\">\n\t\t\t\t<div class=\"elementor-widget-container\">\n\t\t\t\t\t\t\t\t\t\t\t\t\t\t\t<img loading=\"lazy\" decoding=\"async\" width=\"750\" height=\"750\" src=\"https:\/\/wassererhof.com\/wp-content\/uploads\/2023\/06\/Wassererhof-Portraits-_K2A3557-Web-\u00a9Freiundzeit-Hannes.jpg\" class=\"attachment-large size-large wp-image-2490\" alt=\"\" srcset=\"https:\/\/wassererhof.com\/wp-content\/uploads\/2023\/06\/Wassererhof-Portraits-_K2A3557-Web-\u00a9Freiundzeit-Hannes.jpg 750w, https:\/\/wassererhof.com\/wp-content\/uploads\/2023\/06\/Wassererhof-Portraits-_K2A3557-Web-\u00a9Freiundzeit-Hannes-300x300.jpg 300w, https:\/\/wassererhof.com\/wp-content\/uploads\/2023\/06\/Wassererhof-Portraits-_K2A3557-Web-\u00a9Freiundzeit-Hannes-150x150.jpg 150w\" sizes=\"(max-width: 750px) 100vw, 750px\" \/>\t\t\t\t\t\t\t\t\t\t\t\t\t\t\t<\/div>\n\t\t\t\t<\/div>\n\t\t\t\t\t<\/div>\n\t\t<\/div>\n\t\t\t\t<div class=\"elementor-column elementor-col-50 elementor-inner-column elementor-element elementor-element-55766da\" data-id=\"55766da\" data-element_type=\"column\" data-e-type=\"column\">\n\t\t\t<div class=\"elementor-widget-wrap elementor-element-populated\">\n\t\t\t\t\t\t<div class=\"elementor-element elementor-element-dbe4267 elementor-widget elementor-widget-text-editor\" data-id=\"dbe4267\" data-element_type=\"widget\" data-e-type=\"widget\" data-widget_type=\"text-editor.default\">\n\t\t\t\t<div class=\"elementor-widget-container\">\n\t\t\t\t\t\t\t\t\t<p><strong>Hannes Mock<\/strong> \u00e8 un viticoltore appassionato. Oltre a gestire il Mumelterhof , il maso dei genitori ubicato a Leitach sopra Bolzano, gli piace suonare il jazz. Ecco perch\u00e9 agli eventi organizzati nella nostra osteria c\u2019\u00e8 sempre musica dal vivo.<\/p>\n\t\t\t\t\t\t\t\t<\/div>\n\t\t\t\t<\/div>\n\t\t\t\t\t<\/div>\n\t\t<\/div>\n\t\t\t\t\t<\/div>\n\t\t<\/section>\n\t\t\t\t<section class=\"elementor-section elementor-inner-section elementor-element elementor-element-c04578c elementor-section-boxed elementor-section-height-default elementor-section-height-default\" data-id=\"c04578c\" data-element_type=\"section\" data-e-type=\"section\">\n\t\t\t\t\t\t<div class=\"elementor-container elementor-column-gap-default\">\n\t\t\t\t\t<div class=\"elementor-column elementor-col-50 elementor-inner-column elementor-element elementor-element-aba4b61\" data-id=\"aba4b61\" data-element_type=\"column\" data-e-type=\"column\">\n\t\t\t<div class=\"elementor-widget-wrap elementor-element-populated\">\n\t\t\t\t\t\t<div class=\"elementor-element elementor-element-96edf5f elementor-widget elementor-widget-image\" data-id=\"96edf5f\" data-element_type=\"widget\" data-e-type=\"widget\" data-widget_type=\"image.default\">\n\t\t\t\t<div class=\"elementor-widget-container\">\n\t\t\t\t\t\t\t\t\t\t\t\t\t\t\t<img loading=\"lazy\" decoding=\"async\" width=\"750\" height=\"750\" src=\"https:\/\/wassererhof.com\/wp-content\/uploads\/2023\/06\/Wassererhof-Portraits-_K2A3557-Web-\u00a9Freiundzeit_Michael-1.jpg\" class=\"attachment-large size-large wp-image-2486\" alt=\"\" srcset=\"https:\/\/wassererhof.com\/wp-content\/uploads\/2023\/06\/Wassererhof-Portraits-_K2A3557-Web-\u00a9Freiundzeit_Michael-1.jpg 750w, https:\/\/wassererhof.com\/wp-content\/uploads\/2023\/06\/Wassererhof-Portraits-_K2A3557-Web-\u00a9Freiundzeit_Michael-1-300x300.jpg 300w, https:\/\/wassererhof.com\/wp-content\/uploads\/2023\/06\/Wassererhof-Portraits-_K2A3557-Web-\u00a9Freiundzeit_Michael-1-150x150.jpg 150w\" sizes=\"(max-width: 750px) 100vw, 750px\" \/>\t\t\t\t\t\t\t\t\t\t\t\t\t\t\t<\/div>\n\t\t\t\t<\/div>\n\t\t\t\t\t<\/div>\n\t\t<\/div>\n\t\t\t\t<div class=\"elementor-column elementor-col-50 elementor-inner-column elementor-element elementor-element-5fc3b6c\" data-id=\"5fc3b6c\" data-element_type=\"column\" data-e-type=\"column\">\n\t\t\t<div class=\"elementor-widget-wrap elementor-element-populated\">\n\t\t\t\t\t\t<div class=\"elementor-element elementor-element-2887dbc elementor-widget elementor-widget-text-editor\" data-id=\"2887dbc\" data-element_type=\"widget\" data-e-type=\"widget\" data-widget_type=\"text-editor.default\">\n\t\t\t\t<div class=\"elementor-widget-container\">\n\t\t\t\t\t\t\t\t\t<p><strong>Michael Mock<\/strong> \u00e8 ingegnere e supporta i fratelli nelle questioni tecniche. Decisamente, la forza del Wassererhof sta tutta nella solida unit\u00e0 di famiglia.<\/p>\n\t\t\t\t\t\t\t\t<\/div>\n\t\t\t\t<\/div>\n\t\t\t\t\t<\/div>\n\t\t<\/div>\n\t\t\t\t\t<\/div>\n\t\t<\/section>\n\t\t\t\t\t<\/div>\n\t\t<\/div>\n\t\t\t\t\t<\/div>\n\t\t<\/section>\n\t\t\t\t<\/div>\n\t\t","protected":false},"excerpt":{"rendered":"<p>Quattro fratelli uniti dalla passione per il vino e il gusto. Il principio guida dei fratelli Mock \u00e8 l\u2019unit\u00e0 familiare: ciascuno contribuisce con i propri talenti. Il primo contatto per chi visita il Wassererhof \u00e8 con i gemelli Christoph e Andreas, il vignaiolo e il cuoco. Quando fondarono la loro azienda nel 2004, \u00a0i fratelli [&hellip;]<\/p>\n","protected":false},"author":1,"featured_media":1361,"parent":0,"menu_order":0,"comment_status":"closed","ping_status":"closed","template":"","meta":{"_acf_changed":false,"footnotes":""},"class_list":["post-1458","page","type-page","status-publish","has-post-thumbnail","hentry"],"acf":[],"yoast_head":"<!-- This site is optimized with the Yoast SEO plugin v27.2 - https:\/\/yoast.com\/product\/yoast-seo-wordpress\/ -->\n<title>Christoph Mock \u2013 il vignaiolo con un forte senso della famiglia<\/title>\n<meta name=\"description\" content=\"Il Wassererhof vive la tradizione familiare. Quattro fratelli, una sola passione: vino e divertimento - con Christoph Mock (enologo) e Andreas Mock (chef).\" \/>\n<meta name=\"robots\" content=\"index, follow, max-snippet:-1, max-image-preview:large, max-video-preview:-1\" \/>\n<link rel=\"canonical\" href=\"https:\/\/wassererhof.com\/it\/christoph-mock-viticoltore-in-alto-adige-con-tradizione-familiare\/\" \/>\n<meta property=\"og:locale\" content=\"it_IT\" \/>\n<meta property=\"og:type\" content=\"article\" \/>\n<meta property=\"og:title\" content=\"Christoph Mock \u2013 il vignaiolo con un forte senso della famiglia\" \/>\n<meta property=\"og:description\" content=\"Il Wassererhof vive la tradizione familiare. Quattro fratelli, una sola passione: vino e divertimento - con Christoph Mock (enologo) e Andreas Mock (chef).\" \/>\n<meta property=\"og:url\" content=\"https:\/\/wassererhof.com\/it\/christoph-mock-viticoltore-in-alto-adige-con-tradizione-familiare\/\" \/>\n<meta property=\"og:site_name\" content=\"Wassererhof\" \/>\n<meta property=\"article:modified_time\" content=\"2023-07-31T09:37:48+00:00\" \/>\n<meta property=\"og:image\" content=\"https:\/\/wassererhof.com\/wp-content\/uploads\/2022\/07\/JE3A7908.jpg\" \/>\n\t<meta property=\"og:image:width\" content=\"1920\" \/>\n\t<meta property=\"og:image:height\" content=\"1280\" \/>\n\t<meta property=\"og:image:type\" content=\"image\/jpeg\" \/>\n<meta name=\"twitter:card\" content=\"summary_large_image\" \/>\n<meta name=\"twitter:label1\" content=\"Tempo di lettura stimato\" \/>\n\t<meta name=\"twitter:data1\" content=\"2 minuti\" \/>\n<script type=\"application\/ld+json\" class=\"yoast-schema-graph\">{\"@context\":\"https:\/\/schema.org\",\"@graph\":[{\"@type\":\"WebPage\",\"@id\":\"https:\/\/wassererhof.com\/it\/christoph-mock-viticoltore-in-alto-adige-con-tradizione-familiare\/\",\"url\":\"https:\/\/wassererhof.com\/it\/christoph-mock-viticoltore-in-alto-adige-con-tradizione-familiare\/\",\"name\":\"Christoph Mock \u2013 il vignaiolo con un forte senso della famiglia\",\"isPartOf\":{\"@id\":\"https:\/\/wassererhof.com\/it\/#website\"},\"primaryImageOfPage\":{\"@id\":\"https:\/\/wassererhof.com\/it\/christoph-mock-viticoltore-in-alto-adige-con-tradizione-familiare\/#primaryimage\"},\"image\":{\"@id\":\"https:\/\/wassererhof.com\/it\/christoph-mock-viticoltore-in-alto-adige-con-tradizione-familiare\/#primaryimage\"},\"thumbnailUrl\":\"https:\/\/wassererhof.com\/wp-content\/uploads\/2022\/07\/JE3A7908.jpg\",\"datePublished\":\"2022-10-10T15:07:23+00:00\",\"dateModified\":\"2023-07-31T09:37:48+00:00\",\"description\":\"Il Wassererhof vive la tradizione familiare. Quattro fratelli, una sola passione: vino e divertimento - con Christoph Mock (enologo) e Andreas Mock (chef).\",\"breadcrumb\":{\"@id\":\"https:\/\/wassererhof.com\/it\/christoph-mock-viticoltore-in-alto-adige-con-tradizione-familiare\/#breadcrumb\"},\"inLanguage\":\"it-IT\",\"potentialAction\":[{\"@type\":\"ReadAction\",\"target\":[\"https:\/\/wassererhof.com\/it\/christoph-mock-viticoltore-in-alto-adige-con-tradizione-familiare\/\"]}]},{\"@type\":\"ImageObject\",\"inLanguage\":\"it-IT\",\"@id\":\"https:\/\/wassererhof.com\/it\/christoph-mock-viticoltore-in-alto-adige-con-tradizione-familiare\/#primaryimage\",\"url\":\"https:\/\/wassererhof.com\/wp-content\/uploads\/2022\/07\/JE3A7908.jpg\",\"contentUrl\":\"https:\/\/wassererhof.com\/wp-content\/uploads\/2022\/07\/JE3A7908.jpg\",\"width\":1920,\"height\":1280},{\"@type\":\"BreadcrumbList\",\"@id\":\"https:\/\/wassererhof.com\/it\/christoph-mock-viticoltore-in-alto-adige-con-tradizione-familiare\/#breadcrumb\",\"itemListElement\":[{\"@type\":\"ListItem\",\"position\":1,\"name\":\"Startseite\",\"item\":\"https:\/\/wassererhof.com\/it\/\"},{\"@type\":\"ListItem\",\"position\":2,\"name\":\"Christoph Mock \u2013 il vignaiolo con un forte senso della famiglia\"}]},{\"@type\":\"WebSite\",\"@id\":\"https:\/\/wassererhof.com\/it\/#website\",\"url\":\"https:\/\/wassererhof.com\/it\/\",\"name\":\"Wassererhof\",\"description\":\"Weingut und Buschenschank\",\"publisher\":{\"@id\":\"https:\/\/wassererhof.com\/it\/#organization\"},\"potentialAction\":[{\"@type\":\"SearchAction\",\"target\":{\"@type\":\"EntryPoint\",\"urlTemplate\":\"https:\/\/wassererhof.com\/it\/?s={search_term_string}\"},\"query-input\":{\"@type\":\"PropertyValueSpecification\",\"valueRequired\":true,\"valueName\":\"search_term_string\"}}],\"inLanguage\":\"it-IT\"},{\"@type\":\"Organization\",\"@id\":\"https:\/\/wassererhof.com\/it\/#organization\",\"name\":\"Wassererhof\",\"url\":\"https:\/\/wassererhof.com\/it\/\",\"logo\":{\"@type\":\"ImageObject\",\"inLanguage\":\"it-IT\",\"@id\":\"https:\/\/wassererhof.com\/it\/#\/schema\/logo\/image\/\",\"url\":\"https:\/\/wassererhof.com\/wp-content\/uploads\/2022\/07\/Wassererhof_logo.svg\",\"contentUrl\":\"https:\/\/wassererhof.com\/wp-content\/uploads\/2022\/07\/Wassererhof_logo.svg\",\"width\":543,\"height\":130,\"caption\":\"Wassererhof\"},\"image\":{\"@id\":\"https:\/\/wassererhof.com\/it\/#\/schema\/logo\/image\/\"}}]}<\/script>\n<!-- \/ Yoast SEO plugin. -->","yoast_head_json":{"title":"Christoph Mock \u2013 il vignaiolo con un forte senso della famiglia","description":"Il Wassererhof vive la tradizione familiare. Quattro fratelli, una sola passione: vino e divertimento - con Christoph Mock (enologo) e Andreas Mock (chef).","robots":{"index":"index","follow":"follow","max-snippet":"max-snippet:-1","max-image-preview":"max-image-preview:large","max-video-preview":"max-video-preview:-1"},"canonical":"https:\/\/wassererhof.com\/it\/christoph-mock-viticoltore-in-alto-adige-con-tradizione-familiare\/","og_locale":"it_IT","og_type":"article","og_title":"Christoph Mock \u2013 il vignaiolo con un forte senso della famiglia","og_description":"Il Wassererhof vive la tradizione familiare. Quattro fratelli, una sola passione: vino e divertimento - con Christoph Mock (enologo) e Andreas Mock (chef).","og_url":"https:\/\/wassererhof.com\/it\/christoph-mock-viticoltore-in-alto-adige-con-tradizione-familiare\/","og_site_name":"Wassererhof","article_modified_time":"2023-07-31T09:37:48+00:00","og_image":[{"width":1920,"height":1280,"url":"https:\/\/wassererhof.com\/wp-content\/uploads\/2022\/07\/JE3A7908.jpg","type":"image\/jpeg"}],"twitter_card":"summary_large_image","twitter_misc":{"Tempo di lettura stimato":"2 minuti"},"schema":{"@context":"https:\/\/schema.org","@graph":[{"@type":"WebPage","@id":"https:\/\/wassererhof.com\/it\/christoph-mock-viticoltore-in-alto-adige-con-tradizione-familiare\/","url":"https:\/\/wassererhof.com\/it\/christoph-mock-viticoltore-in-alto-adige-con-tradizione-familiare\/","name":"Christoph Mock \u2013 il vignaiolo con un forte senso della famiglia","isPartOf":{"@id":"https:\/\/wassererhof.com\/it\/#website"},"primaryImageOfPage":{"@id":"https:\/\/wassererhof.com\/it\/christoph-mock-viticoltore-in-alto-adige-con-tradizione-familiare\/#primaryimage"},"image":{"@id":"https:\/\/wassererhof.com\/it\/christoph-mock-viticoltore-in-alto-adige-con-tradizione-familiare\/#primaryimage"},"thumbnailUrl":"https:\/\/wassererhof.com\/wp-content\/uploads\/2022\/07\/JE3A7908.jpg","datePublished":"2022-10-10T15:07:23+00:00","dateModified":"2023-07-31T09:37:48+00:00","description":"Il Wassererhof vive la tradizione familiare. Quattro fratelli, una sola passione: vino e divertimento - con Christoph Mock (enologo) e Andreas Mock (chef).","breadcrumb":{"@id":"https:\/\/wassererhof.com\/it\/christoph-mock-viticoltore-in-alto-adige-con-tradizione-familiare\/#breadcrumb"},"inLanguage":"it-IT","potentialAction":[{"@type":"ReadAction","target":["https:\/\/wassererhof.com\/it\/christoph-mock-viticoltore-in-alto-adige-con-tradizione-familiare\/"]}]},{"@type":"ImageObject","inLanguage":"it-IT","@id":"https:\/\/wassererhof.com\/it\/christoph-mock-viticoltore-in-alto-adige-con-tradizione-familiare\/#primaryimage","url":"https:\/\/wassererhof.com\/wp-content\/uploads\/2022\/07\/JE3A7908.jpg","contentUrl":"https:\/\/wassererhof.com\/wp-content\/uploads\/2022\/07\/JE3A7908.jpg","width":1920,"height":1280},{"@type":"BreadcrumbList","@id":"https:\/\/wassererhof.com\/it\/christoph-mock-viticoltore-in-alto-adige-con-tradizione-familiare\/#breadcrumb","itemListElement":[{"@type":"ListItem","position":1,"name":"Startseite","item":"https:\/\/wassererhof.com\/it\/"},{"@type":"ListItem","position":2,"name":"Christoph Mock \u2013 il vignaiolo con un forte senso della famiglia"}]},{"@type":"WebSite","@id":"https:\/\/wassererhof.com\/it\/#website","url":"https:\/\/wassererhof.com\/it\/","name":"Wassererhof","description":"Weingut und Buschenschank","publisher":{"@id":"https:\/\/wassererhof.com\/it\/#organization"},"potentialAction":[{"@type":"SearchAction","target":{"@type":"EntryPoint","urlTemplate":"https:\/\/wassererhof.com\/it\/?s={search_term_string}"},"query-input":{"@type":"PropertyValueSpecification","valueRequired":true,"valueName":"search_term_string"}}],"inLanguage":"it-IT"},{"@type":"Organization","@id":"https:\/\/wassererhof.com\/it\/#organization","name":"Wassererhof","url":"https:\/\/wassererhof.com\/it\/","logo":{"@type":"ImageObject","inLanguage":"it-IT","@id":"https:\/\/wassererhof.com\/it\/#\/schema\/logo\/image\/","url":"https:\/\/wassererhof.com\/wp-content\/uploads\/2022\/07\/Wassererhof_logo.svg","contentUrl":"https:\/\/wassererhof.com\/wp-content\/uploads\/2022\/07\/Wassererhof_logo.svg","width":543,"height":130,"caption":"Wassererhof"},"image":{"@id":"https:\/\/wassererhof.com\/it\/#\/schema\/logo\/image\/"}}]}},"_links":{"self":[{"href":"https:\/\/wassererhof.com\/it\/wp-json\/wp\/v2\/pages\/1458","targetHints":{"allow":["GET"]}}],"collection":[{"href":"https:\/\/wassererhof.com\/it\/wp-json\/wp\/v2\/pages"}],"about":[{"href":"https:\/\/wassererhof.com\/it\/wp-json\/wp\/v2\/types\/page"}],"author":[{"embeddable":true,"href":"https:\/\/wassererhof.com\/it\/wp-json\/wp\/v2\/users\/1"}],"replies":[{"embeddable":true,"href":"https:\/\/wassererhof.com\/it\/wp-json\/wp\/v2\/comments?post=1458"}],"version-history":[{"count":0,"href":"https:\/\/wassererhof.com\/it\/wp-json\/wp\/v2\/pages\/1458\/revisions"}],"wp:featuredmedia":[{"embeddable":true,"href":"https:\/\/wassererhof.com\/it\/wp-json\/wp\/v2\/media\/1361"}],"wp:attachment":[{"href":"https:\/\/wassererhof.com\/it\/wp-json\/wp\/v2\/media?parent=1458"}],"curies":[{"name":"wp","href":"https:\/\/api.w.org\/{rel}","templated":true}]}}