{"id":1469,"date":"2022-10-11T09:38:53","date_gmt":"2022-10-11T07:38:53","guid":{"rendered":"https:\/\/wassererhof.com\/contatti-info\/"},"modified":"2023-09-13T14:49:01","modified_gmt":"2023-09-13T12:49:01","slug":"contatti-info","status":"publish","type":"page","link":"https:\/\/wassererhof.com\/it\/contatti-info\/","title":{"rendered":"Contatti &#038; Info"},"content":{"rendered":"\t\t<div data-elementor-type=\"wp-page\" data-elementor-id=\"1469\" class=\"elementor elementor-1469 elementor-52\" data-elementor-post-type=\"page\">\n\t\t\t\t\t\t<section class=\"elementor-section elementor-top-section elementor-element elementor-element-f8b5422 elementor-section-boxed elementor-section-height-default elementor-section-height-default\" data-id=\"f8b5422\" data-element_type=\"section\" data-e-type=\"section\">\n\t\t\t\t\t\t<div class=\"elementor-container elementor-column-gap-default\">\n\t\t\t\t\t<div class=\"elementor-column elementor-col-100 elementor-top-column elementor-element elementor-element-ae3e533\" data-id=\"ae3e533\" data-element_type=\"column\" data-e-type=\"column\">\n\t\t\t<div class=\"elementor-widget-wrap elementor-element-populated\">\n\t\t\t\t\t\t<div class=\"elementor-element elementor-element-aea7a9f elementor-widget elementor-widget-heading\" data-id=\"aea7a9f\" data-element_type=\"widget\" data-e-type=\"widget\" data-widget_type=\"heading.default\">\n\t\t\t\t<div class=\"elementor-widget-container\">\n\t\t\t\t\t<h2 class=\"elementor-heading-title elementor-size-default\">Periodi di apertura<\/h2>\t\t\t\t<\/div>\n\t\t\t\t<\/div>\n\t\t\t\t<div class=\"elementor-element elementor-element-de9c7e0 elementor-widget elementor-widget-text-editor\" data-id=\"de9c7e0\" data-element_type=\"widget\" data-e-type=\"widget\" data-widget_type=\"text-editor.default\">\n\t\t\t\t<div class=\"elementor-widget-container\">\n\t\t\t\t\t\t\t\t\t<p><strong>Osteria contadina<\/strong><\/p>\n<p>La nostra osteria contadina \u00e8 aperta <strong>da met\u00e0 marzo a fine maggio<\/strong> e <strong>da inizio settembre a Natale<\/strong>:<\/p>\n<p>&#8212;<\/p>\n<p><strong>mercoled\u00ec a venerd\u00ec dalle ore 18<\/strong><\/p>\n<p>&#8212;-<\/p>\n<p><strong>Sabato e domenica dalle 12.00 fino alle 21.00 con cibo caldo.<\/strong><\/p>\n<p>&#8212;<\/p>\n<p>Si consiglia la prenotazione al numero <a href=\"tel:+393387779227\">+39 338 777 9227<\/a> (Andreas Mock). Vi aspettiamo!<\/p>\n<p>&nbsp;<\/p>\n<p><strong>Azienda vinicola<\/strong><\/p>\n<p>Degustazioni e vendita di vino tutto l\u2019anno su appuntamento:<br \/>\n<a href=\"tel:+393316645870\">tel. +39 331 664 5870<\/a> (Christoph Mock)<\/p>\n\t\t\t\t\t\t\t\t<\/div>\n\t\t\t\t<\/div>\n\t\t\t\t\t<\/div>\n\t\t<\/div>\n\t\t\t\t\t<\/div>\n\t\t<\/section>\n\t\t\t\t<section class=\"elementor-section elementor-top-section elementor-element elementor-element-3b86f49 elementor-section-boxed elementor-section-height-default elementor-section-height-default\" data-id=\"3b86f49\" data-element_type=\"section\" data-e-type=\"section\">\n\t\t\t\t\t\t<div class=\"elementor-container elementor-column-gap-default\">\n\t\t\t\t\t<div class=\"elementor-column elementor-col-100 elementor-top-column elementor-element elementor-element-3a51cfb\" data-id=\"3a51cfb\" data-element_type=\"column\" data-e-type=\"column\">\n\t\t\t<div class=\"elementor-widget-wrap elementor-element-populated\">\n\t\t\t\t\t\t<div class=\"elementor-element elementor-element-7eee354 elementor-widget elementor-widget-heading\" data-id=\"7eee354\" data-element_type=\"widget\" data-e-type=\"widget\" data-widget_type=\"heading.default\">\n\t\t\t\t<div class=\"elementor-widget-container\">\n\t\t\t\t\t<h2 class=\"elementor-heading-title elementor-size-default\">Come raggiungerci<\/h2>\t\t\t\t<\/div>\n\t\t\t\t<\/div>\n\t\t\t\t<div class=\"elementor-element elementor-element-8f9eeed elementor-widget elementor-widget-text-editor\" data-id=\"8f9eeed\" data-element_type=\"widget\" data-e-type=\"widget\" data-widget_type=\"text-editor.default\">\n\t\t\t\t<div class=\"elementor-widget-container\">\n\t\t\t\t\t\t\t\t\t<p><strong>Wassererhof<\/strong><\/p>\n<p>Strada statale del Brennero (SS 12), a Campodazzo imboccare il nuovo ponte sull\u2019Isarco (cartello \u201cWassererhof\u201d accanto a un ponte storico in legno), quindi seguire la stradina asfaltata che sottopassa l\u2019autostrada e prosegue in salita. Dopo 550 m svoltare a sinistra, ed eccovi arrivati nel nostro parcheggio.<\/p>\n<p><strong>V\u00f6lser Ried 21 | Novale di Fi\u00e8 21<\/strong><br \/>\n<strong>39050 V\u00f6ls am Schlern | Fi\u00e8 allo Sciliar<\/strong><\/p>\n\t\t\t\t\t\t\t\t<\/div>\n\t\t\t\t<\/div>\n\t\t\t\t\t<\/div>\n\t\t<\/div>\n\t\t\t\t\t<\/div>\n\t\t<\/section>\n\t\t\t\t<section class=\"elementor-section elementor-top-section elementor-element elementor-element-835efbd elementor-section-full_width elementor-section-height-default elementor-section-height-default\" data-id=\"835efbd\" data-element_type=\"section\" data-e-type=\"section\">\n\t\t\t\t\t\t<div class=\"elementor-container elementor-column-gap-default\">\n\t\t\t\t\t<div class=\"elementor-column elementor-col-100 elementor-top-column elementor-element elementor-element-cc13ad5\" data-id=\"cc13ad5\" data-element_type=\"column\" data-e-type=\"column\">\n\t\t\t<div class=\"elementor-widget-wrap elementor-element-populated\">\n\t\t\t\t\t\t<div class=\"elementor-element elementor-element-766ca2d elementor-widget elementor-widget-google_maps\" data-id=\"766ca2d\" data-element_type=\"widget\" data-e-type=\"widget\" data-widget_type=\"google_maps.default\">\n\t\t\t\t<div class=\"elementor-widget-container\">\n\t\t\t\t\t\t\t<div class=\"elementor-custom-embed\">\n\t\t\t<iframe loading=\"lazy\"\n\t\t\t\t\tsrc=\"https:\/\/maps.google.com\/maps?q=Wassererhof%2C%20Novale%20di%20Fi%C3%A8%2021&#038;t=m&#038;z=13&#038;output=embed&#038;iwloc=near\"\n\t\t\t\t\ttitle=\"Wassererhof, Novale di Fi\u00e8 21\"\n\t\t\t\t\taria-label=\"Wassererhof, Novale di Fi\u00e8 21\"\n\t\t\t><\/iframe>\n\t\t<\/div>\n\t\t\t\t\t\t<\/div>\n\t\t\t\t<\/div>\n\t\t\t\t\t<\/div>\n\t\t<\/div>\n\t\t\t\t\t<\/div>\n\t\t<\/section>\n\t\t\t\t<\/div>\n\t\t","protected":false},"excerpt":{"rendered":"<p>Periodi di apertura Osteria contadina La nostra osteria contadina \u00e8 aperta da met\u00e0 marzo a fine maggio e da inizio settembre a Natale: &#8212; mercoled\u00ec a venerd\u00ec dalle ore 18 &#8212;- Sabato e domenica dalle 12.00 fino alle 21.00 con cibo caldo. &#8212; Si consiglia la prenotazione al numero +39 338 777 9227 (Andreas Mock). [&hellip;]<\/p>\n","protected":false},"author":1,"featured_media":1347,"parent":0,"menu_order":0,"comment_status":"closed","ping_status":"closed","template":"","meta":{"_acf_changed":false,"footnotes":""},"class_list":["post-1469","page","type-page","status-publish","has-post-thumbnail","hentry"],"acf":[],"yoast_head":"<!-- This site is optimized with the Yoast SEO plugin v27.2 - https:\/\/yoast.com\/product\/yoast-seo-wordpress\/ -->\n<title>Contatti &amp; Info - Wassererhof<\/title>\n<meta name=\"robots\" content=\"index, follow, max-snippet:-1, max-image-preview:large, max-video-preview:-1\" \/>\n<link rel=\"canonical\" href=\"https:\/\/wassererhof.com\/it\/contatti-info\/\" \/>\n<meta property=\"og:locale\" content=\"it_IT\" \/>\n<meta property=\"og:type\" content=\"article\" \/>\n<meta property=\"og:title\" content=\"Contatti &amp; Info - Wassererhof\" \/>\n<meta property=\"og:description\" content=\"Periodi di apertura Osteria contadina La nostra osteria contadina \u00e8 aperta da met\u00e0 marzo a fine maggio e da inizio settembre a Natale: &#8212; mercoled\u00ec a venerd\u00ec dalle ore 18 &#8212;- Sabato e domenica dalle 12.00 fino alle 21.00 con cibo caldo. &#8212; Si consiglia la prenotazione al numero +39 338 777 9227 (Andreas Mock). [&hellip;]\" \/>\n<meta property=\"og:url\" content=\"https:\/\/wassererhof.com\/it\/contatti-info\/\" \/>\n<meta property=\"og:site_name\" content=\"Wassererhof\" \/>\n<meta property=\"article:modified_time\" content=\"2023-09-13T12:49:01+00:00\" \/>\n<meta property=\"og:image\" content=\"https:\/\/wassererhof.com\/wp-content\/uploads\/2022\/07\/JE3A7927.jpg\" \/>\n\t<meta property=\"og:image:width\" content=\"1920\" \/>\n\t<meta property=\"og:image:height\" content=\"1280\" \/>\n\t<meta property=\"og:image:type\" content=\"image\/jpeg\" \/>\n<meta name=\"twitter:card\" content=\"summary_large_image\" \/>\n<meta name=\"twitter:label1\" content=\"Tempo di lettura stimato\" \/>\n\t<meta name=\"twitter:data1\" content=\"1 minuto\" \/>\n<script type=\"application\/ld+json\" class=\"yoast-schema-graph\">{\"@context\":\"https:\/\/schema.org\",\"@graph\":[{\"@type\":\"WebPage\",\"@id\":\"https:\/\/wassererhof.com\/it\/contatti-info\/\",\"url\":\"https:\/\/wassererhof.com\/it\/contatti-info\/\",\"name\":\"Contatti & Info - Wassererhof\",\"isPartOf\":{\"@id\":\"https:\/\/wassererhof.com\/it\/#website\"},\"primaryImageOfPage\":{\"@id\":\"https:\/\/wassererhof.com\/it\/contatti-info\/#primaryimage\"},\"image\":{\"@id\":\"https:\/\/wassererhof.com\/it\/contatti-info\/#primaryimage\"},\"thumbnailUrl\":\"https:\/\/wassererhof.com\/wp-content\/uploads\/2022\/07\/JE3A7927.jpg\",\"datePublished\":\"2022-10-11T07:38:53+00:00\",\"dateModified\":\"2023-09-13T12:49:01+00:00\",\"breadcrumb\":{\"@id\":\"https:\/\/wassererhof.com\/it\/contatti-info\/#breadcrumb\"},\"inLanguage\":\"it-IT\",\"potentialAction\":[{\"@type\":\"ReadAction\",\"target\":[\"https:\/\/wassererhof.com\/it\/contatti-info\/\"]}]},{\"@type\":\"ImageObject\",\"inLanguage\":\"it-IT\",\"@id\":\"https:\/\/wassererhof.com\/it\/contatti-info\/#primaryimage\",\"url\":\"https:\/\/wassererhof.com\/wp-content\/uploads\/2022\/07\/JE3A7927.jpg\",\"contentUrl\":\"https:\/\/wassererhof.com\/wp-content\/uploads\/2022\/07\/JE3A7927.jpg\",\"width\":1920,\"height\":1280},{\"@type\":\"BreadcrumbList\",\"@id\":\"https:\/\/wassererhof.com\/it\/contatti-info\/#breadcrumb\",\"itemListElement\":[{\"@type\":\"ListItem\",\"position\":1,\"name\":\"Startseite\",\"item\":\"https:\/\/wassererhof.com\/it\/\"},{\"@type\":\"ListItem\",\"position\":2,\"name\":\"Contatti &#038; Info\"}]},{\"@type\":\"WebSite\",\"@id\":\"https:\/\/wassererhof.com\/it\/#website\",\"url\":\"https:\/\/wassererhof.com\/it\/\",\"name\":\"Wassererhof\",\"description\":\"Weingut und Buschenschank\",\"publisher\":{\"@id\":\"https:\/\/wassererhof.com\/it\/#organization\"},\"potentialAction\":[{\"@type\":\"SearchAction\",\"target\":{\"@type\":\"EntryPoint\",\"urlTemplate\":\"https:\/\/wassererhof.com\/it\/?s={search_term_string}\"},\"query-input\":{\"@type\":\"PropertyValueSpecification\",\"valueRequired\":true,\"valueName\":\"search_term_string\"}}],\"inLanguage\":\"it-IT\"},{\"@type\":\"Organization\",\"@id\":\"https:\/\/wassererhof.com\/it\/#organization\",\"name\":\"Wassererhof\",\"url\":\"https:\/\/wassererhof.com\/it\/\",\"logo\":{\"@type\":\"ImageObject\",\"inLanguage\":\"it-IT\",\"@id\":\"https:\/\/wassererhof.com\/it\/#\/schema\/logo\/image\/\",\"url\":\"https:\/\/wassererhof.com\/wp-content\/uploads\/2022\/07\/Wassererhof_logo.svg\",\"contentUrl\":\"https:\/\/wassererhof.com\/wp-content\/uploads\/2022\/07\/Wassererhof_logo.svg\",\"width\":543,\"height\":130,\"caption\":\"Wassererhof\"},\"image\":{\"@id\":\"https:\/\/wassererhof.com\/it\/#\/schema\/logo\/image\/\"}}]}<\/script>\n<!-- \/ Yoast SEO plugin. -->","yoast_head_json":{"title":"Contatti & Info - Wassererhof","robots":{"index":"index","follow":"follow","max-snippet":"max-snippet:-1","max-image-preview":"max-image-preview:large","max-video-preview":"max-video-preview:-1"},"canonical":"https:\/\/wassererhof.com\/it\/contatti-info\/","og_locale":"it_IT","og_type":"article","og_title":"Contatti & Info - Wassererhof","og_description":"Periodi di apertura Osteria contadina La nostra osteria contadina \u00e8 aperta da met\u00e0 marzo a fine maggio e da inizio settembre a Natale: &#8212; mercoled\u00ec a venerd\u00ec dalle ore 18 &#8212;- Sabato e domenica dalle 12.00 fino alle 21.00 con cibo caldo. &#8212; Si consiglia la prenotazione al numero +39 338 777 9227 (Andreas Mock). [&hellip;]","og_url":"https:\/\/wassererhof.com\/it\/contatti-info\/","og_site_name":"Wassererhof","article_modified_time":"2023-09-13T12:49:01+00:00","og_image":[{"width":1920,"height":1280,"url":"https:\/\/wassererhof.com\/wp-content\/uploads\/2022\/07\/JE3A7927.jpg","type":"image\/jpeg"}],"twitter_card":"summary_large_image","twitter_misc":{"Tempo di lettura stimato":"1 minuto"},"schema":{"@context":"https:\/\/schema.org","@graph":[{"@type":"WebPage","@id":"https:\/\/wassererhof.com\/it\/contatti-info\/","url":"https:\/\/wassererhof.com\/it\/contatti-info\/","name":"Contatti & Info - Wassererhof","isPartOf":{"@id":"https:\/\/wassererhof.com\/it\/#website"},"primaryImageOfPage":{"@id":"https:\/\/wassererhof.com\/it\/contatti-info\/#primaryimage"},"image":{"@id":"https:\/\/wassererhof.com\/it\/contatti-info\/#primaryimage"},"thumbnailUrl":"https:\/\/wassererhof.com\/wp-content\/uploads\/2022\/07\/JE3A7927.jpg","datePublished":"2022-10-11T07:38:53+00:00","dateModified":"2023-09-13T12:49:01+00:00","breadcrumb":{"@id":"https:\/\/wassererhof.com\/it\/contatti-info\/#breadcrumb"},"inLanguage":"it-IT","potentialAction":[{"@type":"ReadAction","target":["https:\/\/wassererhof.com\/it\/contatti-info\/"]}]},{"@type":"ImageObject","inLanguage":"it-IT","@id":"https:\/\/wassererhof.com\/it\/contatti-info\/#primaryimage","url":"https:\/\/wassererhof.com\/wp-content\/uploads\/2022\/07\/JE3A7927.jpg","contentUrl":"https:\/\/wassererhof.com\/wp-content\/uploads\/2022\/07\/JE3A7927.jpg","width":1920,"height":1280},{"@type":"BreadcrumbList","@id":"https:\/\/wassererhof.com\/it\/contatti-info\/#breadcrumb","itemListElement":[{"@type":"ListItem","position":1,"name":"Startseite","item":"https:\/\/wassererhof.com\/it\/"},{"@type":"ListItem","position":2,"name":"Contatti &#038; Info"}]},{"@type":"WebSite","@id":"https:\/\/wassererhof.com\/it\/#website","url":"https:\/\/wassererhof.com\/it\/","name":"Wassererhof","description":"Weingut und Buschenschank","publisher":{"@id":"https:\/\/wassererhof.com\/it\/#organization"},"potentialAction":[{"@type":"SearchAction","target":{"@type":"EntryPoint","urlTemplate":"https:\/\/wassererhof.com\/it\/?s={search_term_string}"},"query-input":{"@type":"PropertyValueSpecification","valueRequired":true,"valueName":"search_term_string"}}],"inLanguage":"it-IT"},{"@type":"Organization","@id":"https:\/\/wassererhof.com\/it\/#organization","name":"Wassererhof","url":"https:\/\/wassererhof.com\/it\/","logo":{"@type":"ImageObject","inLanguage":"it-IT","@id":"https:\/\/wassererhof.com\/it\/#\/schema\/logo\/image\/","url":"https:\/\/wassererhof.com\/wp-content\/uploads\/2022\/07\/Wassererhof_logo.svg","contentUrl":"https:\/\/wassererhof.com\/wp-content\/uploads\/2022\/07\/Wassererhof_logo.svg","width":543,"height":130,"caption":"Wassererhof"},"image":{"@id":"https:\/\/wassererhof.com\/it\/#\/schema\/logo\/image\/"}}]}},"_links":{"self":[{"href":"https:\/\/wassererhof.com\/it\/wp-json\/wp\/v2\/pages\/1469","targetHints":{"allow":["GET"]}}],"collection":[{"href":"https:\/\/wassererhof.com\/it\/wp-json\/wp\/v2\/pages"}],"about":[{"href":"https:\/\/wassererhof.com\/it\/wp-json\/wp\/v2\/types\/page"}],"author":[{"embeddable":true,"href":"https:\/\/wassererhof.com\/it\/wp-json\/wp\/v2\/users\/1"}],"replies":[{"embeddable":true,"href":"https:\/\/wassererhof.com\/it\/wp-json\/wp\/v2\/comments?post=1469"}],"version-history":[{"count":5,"href":"https:\/\/wassererhof.com\/it\/wp-json\/wp\/v2\/pages\/1469\/revisions"}],"predecessor-version":[{"id":2653,"href":"https:\/\/wassererhof.com\/it\/wp-json\/wp\/v2\/pages\/1469\/revisions\/2653"}],"wp:featuredmedia":[{"embeddable":true,"href":"https:\/\/wassererhof.com\/it\/wp-json\/wp\/v2\/media\/1347"}],"wp:attachment":[{"href":"https:\/\/wassererhof.com\/it\/wp-json\/wp\/v2\/media?parent=1469"}],"curies":[{"name":"wp","href":"https:\/\/api.w.org\/{rel}","templated":true}]}}